{"id":13,"date":"2025-06-03T16:07:53","date_gmt":"2025-06-03T14:07:53","guid":{"rendered":"https:\/\/www.somanagingpartner.fr\/?page_id=13"},"modified":"2025-07-31T10:05:48","modified_gmt":"2025-07-31T08:05:48","slug":"professionnels-du-droit-et-du-chiffre","status":"publish","type":"page","link":"https:\/\/www.somanagingpartner.fr\/index.php\/professionnels-du-droit-et-du-chiffre\/","title":{"rendered":"Professionnels du Droit et du Chiffre"},"content":{"rendered":"\n<div class=\"wp-block-media-text is-stacked-on-mobile\" style=\"grid-template-columns:34% auto\"><figure class=\"wp-block-media-text__media\"><img loading=\"lazy\" decoding=\"async\" width=\"1024\" height=\"876\" src=\"https:\/\/www.somanagingpartner.fr\/wp-content\/uploads\/2025\/06\/scale-40635_1280-1024x876.png\" alt=\"\" class=\"wp-image-269 size-full\" srcset=\"https:\/\/www.somanagingpartner.fr\/wp-content\/uploads\/2025\/06\/scale-40635_1280-1024x876.png 1024w, https:\/\/www.somanagingpartner.fr\/wp-content\/uploads\/2025\/06\/scale-40635_1280-300x257.png 300w, https:\/\/www.somanagingpartner.fr\/wp-content\/uploads\/2025\/06\/scale-40635_1280-768x657.png 768w, https:\/\/www.somanagingpartner.fr\/wp-content\/uploads\/2025\/06\/scale-40635_1280.png 1280w\" sizes=\"auto, (max-width: 1024px) 100vw, 1024px\" \/><\/figure><div class=\"wp-block-media-text__content\">\n<h2 class=\"wp-block-heading has-text-align-center\">AVOCATS, NOTAIRES, COMMISSAIRES DE JUSTICE, EXPERTS-COMPTABLES ???<\/h2>\n\n\n\n<p>Vous souhaitez recentrer vos efforts sur <strong>votre COEUR DE METIER<\/strong> (conseil, repr\u00e9sentation, contentieux) en vous lib\u00e9rant de vos contraintes administratives de <strong>gestion de votre CABINET ou de votre ETUDE<\/strong> ? <em><strong>SMP<\/strong><\/em> (<strong><em>SO MANAGING PARTNER<\/em><\/strong>) est le partenaire id\u00e9al ! <\/p>\n<\/div><\/div>\n\n\n\n<hr class=\"wp-block-separator has-alpha-channel-opacity\"\/>\n\n\n\n<div class=\"wp-block-media-text has-media-on-the-right is-stacked-on-mobile\" style=\"grid-template-columns:auto 36%\"><div class=\"wp-block-media-text__content\">\n<h2 class=\"wp-block-heading has-text-align-center\">NOS COMPETENCES<\/h2>\n\n\n\n<ul class=\"wp-block-list\">\n<li>Organisation de l\u2019agenda du Cabinet ou de l\u2019Etude<\/li>\n\n\n\n<li>R\u00e9ception et envoi de courriers\/courriels<\/li>\n\n\n\n<li>Prises de notes, enregistrement, transcription et r\u00e9daction d&#8217;actes juridiques<\/li>\n\n\n\n<li>Constitution de dossiers de plaidoiries et bordereaux de pi\u00e8ces<\/li>\n\n\n\n<li>R\u00e9daction d\u2019actes juridiques<\/li>\n\n\n\n<li>Mise en forme et correction d\u2019actes<\/li>\n\n\n\n<li>Gestion RPVA et CARPA<\/li>\n\n\n\n<li>D\u00e9marches aupr\u00e8s des juridictions<\/li>\n\n\n\n<li>Gestion comptable<\/li>\n\n\n\n<li>Ouverture et archivage des dossiers<\/li>\n\n\n\n<li>Recherches documentaires et juridiques<\/li>\n\n\n\n<li>Former vos nouvelles recrues sur leur prise de poste (juriste, assistante juridique) avec une expertise en mati\u00e8re de voies d&#8217;ex\u00e9cution (saisie-immobili\u00e8re) et droit des soci\u00e9t\u00e9s<\/li>\n<\/ul>\n<\/div><figure class=\"wp-block-media-text__media\"><img loading=\"lazy\" decoding=\"async\" width=\"1024\" height=\"731\" src=\"https:\/\/www.somanagingpartner.fr\/wp-content\/uploads\/2025\/06\/businessman-9205819_1280-1024x731.png\" alt=\"\" class=\"wp-image-275 size-full\" srcset=\"https:\/\/www.somanagingpartner.fr\/wp-content\/uploads\/2025\/06\/businessman-9205819_1280-1024x731.png 1024w, https:\/\/www.somanagingpartner.fr\/wp-content\/uploads\/2025\/06\/businessman-9205819_1280-300x214.png 300w, https:\/\/www.somanagingpartner.fr\/wp-content\/uploads\/2025\/06\/businessman-9205819_1280-768x548.png 768w, https:\/\/www.somanagingpartner.fr\/wp-content\/uploads\/2025\/06\/businessman-9205819_1280.png 1280w\" sizes=\"auto, (max-width: 1024px) 100vw, 1024px\" \/><\/figure><\/div>\n\n\n\n<hr class=\"wp-block-separator has-alpha-channel-opacity\"\/>\n\n\n\n<div class=\"wp-block-media-text is-stacked-on-mobile\"><figure class=\"wp-block-media-text__media\"><img decoding=\"async\" src=\"http:\/\/www.somanagingpartner.fr\/wp-content\/uploads\/2025\/06\/65Z_2201.w012.n001.25B.p12.25-1.jpg\" alt=\"\" class=\"wp-image-154 size-full\"\/><\/figure><div class=\"wp-block-media-text__content\">\n<h2 class=\"wp-block-heading\"><strong>NOS TARIFS <\/strong><em>&#8220;<\/em>pour PROFESSIONNELS du droit et du chiffre&#8221;<\/h2>\n<\/div><\/div>\n\n\n\n<div class=\"wp-block-columns alignwide is-layout-flex wp-container-core-columns-is-layout-829b1d53 wp-block-columns-is-layout-flex\" style=\"margin-bottom:0\">\n<div class=\"wp-block-column has-text-color has-background has-link-color wp-elements-9774fee4551a7ec617a0cb92ae859254 is-layout-flow wp-block-column-is-layout-flow\" style=\"color:#000000;background-color:#ffe97d;padding-top:2em;padding-right:2em;padding-bottom:2em;padding-left:2em\">\n<h2 class=\"wp-block-heading\" id=\"single\" style=\"font-size:40px\">Tarif HORAIRE<\/h2>\n\n\n\n<p class=\"has-normal-font-size\" style=\"line-height:1.5\"><strong>Devis gratuit sur demande<\/strong><\/p>\n\n\n\n<hr class=\"wp-block-separator has-text-color has-css-opacity has-background is-style-wide\" style=\"background-color:#000000;color:#000000\"\/>\n\n\n\n<details class=\"wp-block-details is-layout-flow wp-block-details-is-layout-flow\"><summary>&#8211; 7 HEURES \/ MOIS<\/summary>\n<div class=\"wp-block-buttons is-content-justification-center is-layout-flex wp-container-core-buttons-is-layout-16018d1d wp-block-buttons-is-layout-flex\">\n<div class=\"wp-block-button\"><a class=\"wp-block-button__link wp-element-button\">65\u20ac ht \/ heure<\/a><\/div>\n<\/div>\n<\/details>\n\n\n\n<details class=\"wp-block-details is-layout-flow wp-block-details-is-layout-flow\"><summary>1 JOUR \/ MOIS<\/summary>\n<div class=\"wp-block-buttons is-content-justification-center is-layout-flex wp-container-core-buttons-is-layout-16018d1d wp-block-buttons-is-layout-flex\">\n<div class=\"wp-block-button\"><a class=\"wp-block-button__link wp-element-button\">60\u20ac ht \/ heure<\/a><\/div>\n<\/div>\n<\/details>\n\n\n\n<details class=\"wp-block-details is-layout-flow wp-block-details-is-layout-flow\"><summary>2 JOURS \/ MOIS<\/summary>\n<div class=\"wp-block-buttons is-content-justification-center is-layout-flex wp-container-core-buttons-is-layout-16018d1d wp-block-buttons-is-layout-flex\">\n<div class=\"wp-block-button\"><a class=\"wp-block-button__link wp-element-button\">55\u20ac ht \/ heure<\/a><\/div>\n<\/div>\n<\/details>\n\n\n\n<details class=\"wp-block-details is-layout-flow wp-block-details-is-layout-flow\"><summary>3 JOURS \/ MOIS<\/summary>\n<div class=\"wp-block-buttons is-content-justification-center is-layout-flex wp-container-core-buttons-is-layout-16018d1d wp-block-buttons-is-layout-flex\">\n<div class=\"wp-block-button\"><a class=\"wp-block-button__link wp-element-button\">50\u20ac ht \/ heure<\/a><\/div>\n<\/div>\n<\/details>\n\n\n\n<details class=\"wp-block-details is-layout-flow wp-block-details-is-layout-flow\"><summary>4 JOURS \/ MOIS<\/summary>\n<div class=\"wp-block-buttons is-content-justification-center is-layout-flex wp-container-core-buttons-is-layout-16018d1d wp-block-buttons-is-layout-flex\">\n<div class=\"wp-block-button\"><a class=\"wp-block-button__link wp-element-button\">45\u20ac ht \/ heure<\/a><\/div>\n<\/div>\n<\/details>\n\n\n\n<details class=\"wp-block-details is-layout-flow wp-block-details-is-layout-flow\"><summary>5 \u00e0 10 JOURS \/ MOIS<\/summary>\n<div class=\"wp-block-buttons is-content-justification-center is-layout-flex wp-container-core-buttons-is-layout-16018d1d wp-block-buttons-is-layout-flex\">\n<div class=\"wp-block-button\"><a class=\"wp-block-button__link wp-element-button\">40\u20ac ht \/ heure<\/a><\/div>\n<\/div>\n<\/details>\n\n\n\n<details class=\"wp-block-details is-layout-flow wp-block-details-is-layout-flow\"><summary>11 JOURS ou plus \/ MOIS<\/summary>\n<div class=\"wp-block-buttons is-content-justification-center is-layout-flex wp-container-core-buttons-is-layout-16018d1d wp-block-buttons-is-layout-flex\">\n<div class=\"wp-block-button\"><a class=\"wp-block-button__link wp-element-button\">35\u20ac ht \/ heure<\/a><\/div>\n<\/div>\n<\/details>\n<\/div>\n\n\n\n<div class=\"wp-block-column has-text-color has-background has-link-color wp-elements-2a7b939d86890f2990427a1a6678b7b0 is-layout-flow wp-block-column-is-layout-flow\" style=\"color:#000000;background-color:#c0ebf1;padding-top:2em;padding-right:2em;padding-bottom:2em;padding-left:2em\">\n<h2 class=\"wp-block-heading\" id=\"patron\" style=\"font-size:40px\"><strong><em>Modalit\u00e9s<\/em><\/strong><\/h2>\n\n\n\n<p class=\"has-normal-font-size\"><strong>N&#8217;h\u00e9sitez pas \u00e0 prendre directement attache avec nos services pour plus de renseignements.<\/strong><\/p>\n\n\n\n<hr class=\"wp-block-separator has-css-opacity is-style-wide\"\/>\n\n\n\n<ul class=\"wp-block-list has-normal-font-size\">\n<li>Prestations effectu\u00e9es \u00e0 distance ou sur site (\u00e0 votre Cabinet\/Etude)<\/li>\n\n\n\n<li>Tarifs s&#8217;entendant hors taxes, redevances, frais de greffe, frais de publicit\u00e9s, frais de repas et \u00e9ventuels frais de d\u00e9placement (facturable au del\u00e0 de 15 km)<\/li>\n\n\n\n<li>devis personnalis\u00e9 gratuit sur demande par mail<\/li>\n<\/ul>\n\n\n\n<div class=\"wp-block-buttons alignfull is-horizontal is-content-justification-center is-layout-flex wp-container-core-buttons-is-layout-499968f5 wp-block-buttons-is-layout-flex\">\n<div class=\"wp-block-button has-custom-width wp-block-button__width-100\"><a class=\"wp-block-button__link has-white-color has-text-color has-background no-border-radius wp-element-button\" style=\"background-color:#000000\">direction@somanagingpartner.fr<\/a><\/div>\n<\/div>\n<\/div>\n<\/div>\n\n\n\n<hr class=\"wp-block-separator has-alpha-channel-opacity\"\/>\n\n\n\n<div class=\"wp-block-media-text is-stacked-on-mobile\" style=\"grid-template-columns:24% auto\"><figure class=\"wp-block-media-text__media\"><img loading=\"lazy\" decoding=\"async\" width=\"500\" height=\"500\" src=\"http:\/\/www.somanagingpartner.fr\/wp-content\/uploads\/2025\/06\/Logo-SMP-bleu-PNG-2.png\" alt=\"\" class=\"wp-image-129 size-full\" srcset=\"https:\/\/www.somanagingpartner.fr\/wp-content\/uploads\/2025\/06\/Logo-SMP-bleu-PNG-2.png 500w, https:\/\/www.somanagingpartner.fr\/wp-content\/uploads\/2025\/06\/Logo-SMP-bleu-PNG-2-300x300.png 300w, https:\/\/www.somanagingpartner.fr\/wp-content\/uploads\/2025\/06\/Logo-SMP-bleu-PNG-2-150x150.png 150w\" sizes=\"auto, (max-width: 500px) 100vw, 500px\" \/><\/figure><div class=\"wp-block-media-text__content\">\n<p class=\"has-text-align-center\"><strong>SO MANAGING PARTNER<\/strong>, votre partenaire de confiance pour toutes vos <em>formalit\u00e9s juridiques<\/em> <em>d&#8217;entreprise<\/em> et <em>d\u00e9marches pluridisciplinaires quotidienne<\/em>s.<\/p>\n<\/div><\/div>\n","protected":false},"excerpt":{"rendered":"<p>AVOCATS, NOTAIRES, COMMISSAIRES DE JUSTICE, EXPERTS-COMPTABLES ??? Vous souhaitez recentrer vos efforts sur votre COEUR DE METIER (conseil, repr\u00e9sentation, contentieux) en vous lib\u00e9rant de vos contraintes administratives de gestion de votre CABINET ou de votre ETUDE ? SMP (SO MANAGING PARTNER) est le partenaire id\u00e9al ! NOS TARIFS &#8220;pour PROFESSIONNELS du droit et du chiffre&#8221; [&hellip;]<\/p>\n","protected":false},"author":1,"featured_media":0,"parent":0,"menu_order":0,"comment_status":"closed","ping_status":"closed","template":"","meta":{"footnotes":""},"class_list":["post-13","page","type-page","status-publish","hentry"],"_links":{"self":[{"href":"https:\/\/www.somanagingpartner.fr\/index.php\/wp-json\/wp\/v2\/pages\/13","targetHints":{"allow":["GET"]}}],"collection":[{"href":"https:\/\/www.somanagingpartner.fr\/index.php\/wp-json\/wp\/v2\/pages"}],"about":[{"href":"https:\/\/www.somanagingpartner.fr\/index.php\/wp-json\/wp\/v2\/types\/page"}],"author":[{"embeddable":true,"href":"https:\/\/www.somanagingpartner.fr\/index.php\/wp-json\/wp\/v2\/users\/1"}],"replies":[{"embeddable":true,"href":"https:\/\/www.somanagingpartner.fr\/index.php\/wp-json\/wp\/v2\/comments?post=13"}],"version-history":[{"count":24,"href":"https:\/\/www.somanagingpartner.fr\/index.php\/wp-json\/wp\/v2\/pages\/13\/revisions"}],"predecessor-version":[{"id":553,"href":"https:\/\/www.somanagingpartner.fr\/index.php\/wp-json\/wp\/v2\/pages\/13\/revisions\/553"}],"wp:attachment":[{"href":"https:\/\/www.somanagingpartner.fr\/index.php\/wp-json\/wp\/v2\/media?parent=13"}],"curies":[{"name":"wp","href":"https:\/\/api.w.org\/{rel}","templated":true}]}}