{"id":15,"date":"2025-06-03T16:08:48","date_gmt":"2025-06-03T14:08:48","guid":{"rendered":"https:\/\/www.somanagingpartner.fr\/?page_id=15"},"modified":"2025-10-07T21:51:37","modified_gmt":"2025-10-07T19:51:37","slug":"prestations-pour-createurs-de-projets","status":"publish","type":"page","link":"https:\/\/www.somanagingpartner.fr\/index.php\/prestations-pour-createurs-de-projets\/","title":{"rendered":"Cr\u00e9ation \/ Reprise \/ Cession d&#8217;Entreprise"},"content":{"rendered":"\n<div class=\"wp-block-media-text has-media-on-the-right is-stacked-on-mobile\"><div class=\"wp-block-media-text__content\">\n<h2 class=\"wp-block-heading\">Pour ceux qui ont un PROJET DE CREATION\/REPRISE D&#8217;ENTREPRISE<\/h2>\n\n\n\n<p>Le Cabinet <strong>SO MANAGING PARTNER<\/strong> vous accompagne dans votre projet de cr\u00e9ation\/reprise d&#8217;entreprise. De la <strong>validation du projet aux formalit\u00e9s d&#8217;inscriptions<\/strong>, SMP saura \u00eatre votre <strong><em>unique<\/em><\/strong> interlocuteur pour l&#8217;aboutissement de votre id\u00e9e.<\/p>\n\n\n\n<p>Selon la difficult\u00e9 du montage envisag\u00e9, SMP dispose de partenaires de confiance (avocat, expert-comptable, web-designer, agence de communication) qui seront des atouts pour le d\u00e9veloppement de votre projet.<\/p>\n\n\n\n<p>Faire appel \u00e0 nos services vous permettra de b\u00e9n\u00e9ficier d&#8217;un <strong>interlocuteur unique<\/strong> <strong>pluridisciplinaire<\/strong> afin que votre projet de business puisse voir le jour !<\/p>\n<\/div><figure class=\"wp-block-media-text__media\"><img loading=\"lazy\" decoding=\"async\" width=\"1024\" height=\"682\" src=\"https:\/\/www.somanagingpartner.fr\/wp-content\/uploads\/2025\/06\/planing-3557678_1280-1024x682.jpg\" alt=\"\" class=\"wp-image-216 size-full\" srcset=\"https:\/\/www.somanagingpartner.fr\/wp-content\/uploads\/2025\/06\/planing-3557678_1280-1024x682.jpg 1024w, https:\/\/www.somanagingpartner.fr\/wp-content\/uploads\/2025\/06\/planing-3557678_1280-300x200.jpg 300w, https:\/\/www.somanagingpartner.fr\/wp-content\/uploads\/2025\/06\/planing-3557678_1280-768x512.jpg 768w, https:\/\/www.somanagingpartner.fr\/wp-content\/uploads\/2025\/06\/planing-3557678_1280.jpg 1280w\" sizes=\"auto, (max-width: 1024px) 100vw, 1024px\" \/><\/figure><\/div>\n\n\n\n<hr class=\"wp-block-separator has-alpha-channel-opacity\"\/>\n\n\n<div class=\"wp-block-image\">\n<figure class=\"aligncenter size-large is-resized\"><img loading=\"lazy\" decoding=\"async\" width=\"1024\" height=\"1024\" src=\"https:\/\/www.somanagingpartner.fr\/wp-content\/uploads\/2025\/06\/9D296D80-0913-4B51-AC69-47531E7B7785-1024x1024.jpg\" alt=\"\" class=\"wp-image-221\" style=\"width:780px;height:auto\" srcset=\"https:\/\/www.somanagingpartner.fr\/wp-content\/uploads\/2025\/06\/9D296D80-0913-4B51-AC69-47531E7B7785-1024x1024.jpg 1024w, https:\/\/www.somanagingpartner.fr\/wp-content\/uploads\/2025\/06\/9D296D80-0913-4B51-AC69-47531E7B7785-300x300.jpg 300w, https:\/\/www.somanagingpartner.fr\/wp-content\/uploads\/2025\/06\/9D296D80-0913-4B51-AC69-47531E7B7785-150x150.jpg 150w, https:\/\/www.somanagingpartner.fr\/wp-content\/uploads\/2025\/06\/9D296D80-0913-4B51-AC69-47531E7B7785-768x768.jpg 768w, https:\/\/www.somanagingpartner.fr\/wp-content\/uploads\/2025\/06\/9D296D80-0913-4B51-AC69-47531E7B7785.jpg 1080w\" sizes=\"auto, (max-width: 1024px) 100vw, 1024px\" \/><\/figure>\n<\/div>\n\n\n<hr class=\"wp-block-separator has-alpha-channel-opacity\"\/>\n\n\n\n<div class=\"wp-block-media-text is-stacked-on-mobile\"><figure class=\"wp-block-media-text__media\"><img decoding=\"async\" src=\"http:\/\/www.somanagingpartner.fr\/wp-content\/uploads\/2025\/06\/65Z_2201.w012.n001.25B.p12.25-1.jpg\" alt=\"\" class=\"wp-image-154 size-full\"\/><\/figure><div class=\"wp-block-media-text__content\">\n<h2 class=\"wp-block-heading\"><strong>NOS TARIFS <\/strong><em>&#8220;<\/em>pour CREATEURS DE PROJETS&#8221;<\/h2>\n<\/div><\/div>\n\n\n\n<div class=\"wp-block-columns alignwide is-layout-flex wp-container-core-columns-is-layout-829b1d53 wp-block-columns-is-layout-flex\" style=\"margin-bottom:0\">\n<div class=\"wp-block-column has-text-color has-background has-link-color wp-elements-278cd54c0a928b973e3c818b9c17d0e7 is-layout-flow wp-block-column-is-layout-flow\" style=\"color:#000000;background-color:#ffe97d;padding-top:2em;padding-right:2em;padding-bottom:2em;padding-left:2em\">\n<h2 class=\"wp-block-heading\" id=\"single\" style=\"font-size:40px\">Prestation compl\u00e8te<\/h2>\n\n\n\n<p class=\"has-normal-font-size\" style=\"line-height:1.5\"><strong>Devis gratuit sur demande<\/strong><\/p>\n\n\n\n<hr class=\"wp-block-separator has-text-color has-css-opacity has-background is-style-wide\" style=\"background-color:#000000;color:#000000\"\/>\n\n\n\n<ul class=\"wp-block-list has-normal-font-size\">\n<li>Validation du projet<\/li>\n\n\n\n<li>Liste des actions \u00e0 mener<\/li>\n\n\n\n<li>Elaboration d&#8217;un business plan<\/li>\n\n\n\n<li>Prise de contact avec les prestataires : banque, assureur, avocat, expert-comptable, agence de communication, web-designer, etc&#8230;<\/li>\n\n\n\n<li>Assistance dans les demandes administratives : permis de construire, signature d&#8217;un bail commercial, etc&#8230;<\/li>\n\n\n\n<li>Recherche d&#8217;investisseurs<\/li>\n\n\n\n<li>Enregistrement des Formalit\u00e9s juridiques<\/li>\n\n\n\n<li>Informations sur les obligations d\u00e9claratives en fonction de la forme de la structure cr\u00e9\u00e9e<\/li>\n<\/ul>\n\n\n\n<div class=\"wp-block-buttons alignfull is-horizontal is-content-justification-center is-layout-flex wp-container-core-buttons-is-layout-499968f5 wp-block-buttons-is-layout-flex\">\n<div class=\"wp-block-button has-custom-width wp-block-button__width-100\"><a class=\"wp-block-button__link has-white-color has-text-color has-background no-border-radius wp-element-button\" style=\"background-color:#000000\">65\u20ac HT \/ Heure <\/a><\/div>\n\n\n\n<div class=\"wp-block-button has-custom-width wp-block-button__width-100\"><a class=\"wp-block-button__link has-white-color has-text-color has-background no-border-radius wp-element-button\" style=\"background-color:#000000\"><em>soit 78\u20ac TTC \/ Heure<\/em><\/a><\/div>\n<\/div>\n<\/div>\n\n\n\n<div class=\"wp-block-column has-text-color has-background has-link-color wp-elements-2ce15932f776dcafb828a7535f3051aa is-layout-flow wp-block-column-is-layout-flow\" style=\"color:#000000;background-color:#d1d1e1;padding-top:2em;padding-right:2em;padding-bottom:2em;padding-left:2em\">\n<h2 class=\"wp-block-heading\" id=\"family\" style=\"font-size:40px\">Simple Assistance<\/h2>\n\n\n\n<p class=\"has-normal-font-size\" style=\"line-height:1.5\"><strong>Devis gratuit sur demande<\/strong> : <\/p>\n\n\n\n<hr class=\"wp-block-separator has-css-opacity is-style-wide\"\/>\n\n\n\n<ul class=\"wp-block-list has-normal-font-size\">\n<li>Information sur les d\u00e9marches \u00e0 effectuer<\/li>\n\n\n\n<li>Assistance sur les formalit\u00e9s juridiques \u00e0 effectuer<\/li>\n\n\n\n<li>Informations sur les obligations d\u00e9claratives en fonction de la forme de la structure cr\u00e9\u00e9e<\/li>\n<\/ul>\n\n\n\n<div class=\"wp-block-buttons alignfull is-horizontal is-content-justification-center is-layout-flex wp-container-core-buttons-is-layout-499968f5 wp-block-buttons-is-layout-flex\">\n<div class=\"wp-block-button has-custom-width wp-block-button__width-100 is-style-fill\"><a class=\"wp-block-button__link has-white-color has-text-color has-background no-border-radius wp-element-button\" style=\"background-color:#000000\">65\u20ac HT \/ Heure <\/a><\/div>\n\n\n\n<div class=\"wp-block-button has-custom-width wp-block-button__width-100 is-style-fill\"><a class=\"wp-block-button__link has-white-color has-text-color has-background no-border-radius wp-element-button\" style=\"background-color:#000000\"><em>soit 78\u20ac TTC \/ Heure<\/em><\/a><\/div>\n<\/div>\n<\/div>\n\n\n\n<div class=\"wp-block-column has-text-color has-background has-link-color wp-elements-b78e8b934ccaf1c0becbbfb727af5969 is-layout-flow wp-block-column-is-layout-flow\" style=\"color:#000000;background-color:#c0ebf1;padding-top:2em;padding-right:2em;padding-bottom:2em;padding-left:2em\">\n<h2 class=\"wp-block-heading\" id=\"patron\" style=\"font-size:40px\"><strong><em>Modalit\u00e9s<\/em><\/strong><\/h2>\n\n\n\n<p class=\"has-normal-font-size\"><strong>N&#8217;h\u00e9sitez pas \u00e0 prendre directement attache avec nos services pour plus de renseignements.<\/strong><\/p>\n\n\n\n<hr class=\"wp-block-separator has-css-opacity is-style-wide\"\/>\n\n\n\n<ul class=\"wp-block-list has-normal-font-size\">\n<li>Prestations effectu\u00e9es \u00e0 distance ou \u00e0 domicile<\/li>\n\n\n\n<li>Tarifs s&#8217;entendant hors taxes, redevances, frais de greffe, frais de publicit\u00e9s et \u00e9ventuels frais de d\u00e9placement (facturable au del\u00e0 de 15 km)<\/li>\n\n\n\n<li>devis personnalis\u00e9 gratuit sur demande par mail<\/li>\n<\/ul>\n\n\n\n<div class=\"wp-block-buttons alignfull is-horizontal is-content-justification-center is-layout-flex wp-container-core-buttons-is-layout-499968f5 wp-block-buttons-is-layout-flex\">\n<div class=\"wp-block-button has-custom-width wp-block-button__width-100\"><a class=\"wp-block-button__link has-white-color has-text-color has-background no-border-radius wp-element-button\" style=\"background-color:#000000\">direction@somanagingpartner.fr<\/a><\/div>\n<\/div>\n<\/div>\n<\/div>\n\n\n\n<hr class=\"wp-block-separator has-alpha-channel-opacity\"\/>\n\n\n\n<div class=\"wp-block-media-text is-stacked-on-mobile\" style=\"grid-template-columns:36% auto\"><figure class=\"wp-block-media-text__media\"><img loading=\"lazy\" decoding=\"async\" width=\"1024\" height=\"1024\" src=\"https:\/\/www.somanagingpartner.fr\/wp-content\/uploads\/2025\/08\/ecommerce-1706103_1280-1024x1024.png\" alt=\"\" class=\"wp-image-566 size-full\" srcset=\"https:\/\/www.somanagingpartner.fr\/wp-content\/uploads\/2025\/08\/ecommerce-1706103_1280-1024x1024.png 1024w, https:\/\/www.somanagingpartner.fr\/wp-content\/uploads\/2025\/08\/ecommerce-1706103_1280-300x300.png 300w, https:\/\/www.somanagingpartner.fr\/wp-content\/uploads\/2025\/08\/ecommerce-1706103_1280-150x150.png 150w, https:\/\/www.somanagingpartner.fr\/wp-content\/uploads\/2025\/08\/ecommerce-1706103_1280-768x768.png 768w, https:\/\/www.somanagingpartner.fr\/wp-content\/uploads\/2025\/08\/ecommerce-1706103_1280.png 1280w\" sizes=\"auto, (max-width: 1024px) 100vw, 1024px\" \/><\/figure><div class=\"wp-block-media-text__content\">\n<h2 class=\"wp-block-heading\">Vous envisagez de CEDER votre Fonds de Commerce \/ Magasin<\/h2>\n\n\n\n<p>Le Cabinet <strong>SO MANAGING PARTNER<\/strong> vous accompagne dans votre projet de cession d&#8217;entreprise. De la <strong>pr\u00e9paration strat\u00e9gique aux formalit\u00e9s de vente<\/strong>, SMP saura \u00eatre votre <strong><em>unique<\/em><\/strong> interlocuteur.<\/p>\n\n\n\n<p>Nous vous accompagnons de A \u00e0 Z sur votre projet de cession d&#8217;entreprise. <\/p>\n<\/div><\/div>\n\n\n\n<hr class=\"wp-block-separator has-alpha-channel-opacity\"\/>\n\n\n\n<h2 class=\"wp-block-heading has-text-align-center\">LES ETAPES :<\/h2>\n\n\n\n<ul class=\"wp-block-list\">\n<li>PREPARATION STRATEGIQUE : d\u00e9finir les objectifs (retraite\/reconversion\/opportunit\u00e9), choisir le bon moment pour vendre (march\u00e9 favorable, sant\u00e9 financi\u00e8re)<\/li>\n\n\n\n<li>DIAGNOSTIC ET VALORISATION : \u00e9valuer l&#8217;entreprise \/ le fonds de commerce, v\u00e9rifier les obligations juridiques, identifier les points forts\/faiblesses<\/li>\n\n\n\n<li>REDIGER ET DIFFUSER UNE ANNONCE DE VENTE <\/li>\n\n\n\n<li>INFORMER LES SALARIES<\/li>\n\n\n\n<li>SELECTIONNER LES REPRENEURS : filtrer les candidatures, organiser les visites, v\u00e9rifier la capacit\u00e9 financi\u00e8re des candidats<\/li>\n\n\n\n<li>NEGOCIER : les conditions de reprise<\/li>\n\n\n\n<li>SIGNER UN COMPROMIS DE VENTE<\/li>\n\n\n\n<li>OBTENIR, le cas \u00e9ch\u00e9ant, L&#8217;ACCORD DU BAILLEUR COMMERCIAL<\/li>\n\n\n\n<li>ACCOMPAGNEMENT aupr\u00e8s des professionnels du droit pour la FORMALISATION JURIDIQUE (r\u00e9daction de l&#8217;acte de cession)<\/li>\n\n\n\n<li>PUBLICATION D&#8217;UNE ANNONCE LEGALE \/ ENREGISTREMENT DES FORMALITES JURIDIQUES <\/li>\n<\/ul>\n\n\n\n<hr class=\"wp-block-separator has-alpha-channel-opacity\"\/>\n\n\n\n<div class=\"wp-block-media-text is-stacked-on-mobile\"><figure class=\"wp-block-media-text__media\"><img decoding=\"async\" src=\"http:\/\/www.somanagingpartner.fr\/wp-content\/uploads\/2025\/06\/65Z_2201.w012.n001.25B.p12.25-2.jpg\" alt=\"\" class=\"wp-image-156 size-full\"\/><\/figure><div class=\"wp-block-media-text__content\">\n<h2 class=\"wp-block-heading\"><strong>NOS TARIFS<\/strong> &#8220;pour CESSION d&#8217;entreprise&#8221;<\/h2>\n<\/div><\/div>\n\n\n\n<div class=\"wp-block-columns alignwide is-layout-flex wp-container-core-columns-is-layout-829b1d53 wp-block-columns-is-layout-flex\" style=\"margin-bottom:0\">\n<div class=\"wp-block-column has-text-color has-background has-link-color wp-elements-9501115f449111a582dd8dbfaf3c736e is-layout-flow wp-block-column-is-layout-flow\" style=\"color:#000000;background-color:#ffe97d;padding-top:2em;padding-right:2em;padding-bottom:2em;padding-left:2em\">\n<h2 class=\"wp-block-heading\" id=\"single\" style=\"font-size:40px\">Prestation d&#8217;assistance \u00e0 la cession d&#8217;entreprise<\/h2>\n\n\n\n<p class=\"has-normal-font-size\" style=\"line-height:1.5\"><strong>Devis gratuit sur demande<\/strong><\/p>\n\n\n\n<hr class=\"wp-block-separator has-text-color has-css-opacity has-background is-style-wide\" style=\"background-color:#000000;color:#000000\"\/>\n\n\n\n<ul class=\"wp-block-list has-normal-font-size\">\n<li>PREPARATION STRATEGIQUE<\/li>\n\n\n\n<li>DIAGNOSTIC ET VALORISATION<\/li>\n\n\n\n<li>REDIGER ET DIFFUSER UNE ANNONCE DE VENTE <\/li>\n\n\n\n<li>INFORMER LES SALARIES<\/li>\n\n\n\n<li>SELECTIONNER LES REPRENEURS<\/li>\n\n\n\n<li>NEGOCIER<\/li>\n\n\n\n<li>SIGNER UN COMPROMIS DE VENTE<\/li>\n\n\n\n<li>OBTENIR, le cas \u00e9ch\u00e9ant, L&#8217;ACCORD DU BAILLEUR COMMERCIAL<\/li>\n\n\n\n<li>ACCOMPAGNEMENT aupr\u00e8s des professionnels du droit pour la FORMALISATION JURIDIQUE (r\u00e9daction de l&#8217;acte de cession)<\/li>\n\n\n\n<li>PUBLICATION D&#8217;UNE ANNONCE LEGALE \/ ENREGISTREMENT DES FORMALITES JURIDIQUES <\/li>\n<\/ul>\n\n\n\n<div class=\"wp-block-buttons alignfull is-horizontal is-content-justification-center is-layout-flex wp-container-core-buttons-is-layout-499968f5 wp-block-buttons-is-layout-flex\">\n<div class=\"wp-block-button has-custom-width wp-block-button__width-100\"><a class=\"wp-block-button__link has-white-color has-text-color has-background no-border-radius wp-element-button\" style=\"background-color:#000000\">450\u20ac HT<\/a><\/div>\n\n\n\n<div class=\"wp-block-button has-custom-width wp-block-button__width-100\"><a class=\"wp-block-button__link has-white-color has-text-color has-background no-border-radius wp-element-button\" style=\"background-color:#000000\"><em>soit <\/em>540<em>\u20ac TTC<\/em><\/a><\/div>\n<\/div>\n<\/div>\n\n\n\n<div class=\"wp-block-column has-text-color has-background has-link-color wp-elements-13be75e2f4fbb0054cc4b00e338d8ec1 is-layout-flow wp-block-column-is-layout-flow\" style=\"color:#000000;background-color:#d1d1e1;padding-top:2em;padding-right:2em;padding-bottom:2em;padding-left:2em\">\n<h2 class=\"wp-block-heading\" id=\"family\" style=\"font-size:40px\">Commission sur prix de cession (en cas de Vente r\u00e9alis\u00e9e)<\/h2>\n\n\n\n<p><\/p>\n\n\n\n<hr class=\"wp-block-separator has-css-opacity is-style-wide\"\/>\n\n\n\n<hr class=\"wp-block-separator has-alpha-channel-opacity\"\/>\n\n\n\n<div class=\"wp-block-buttons alignfull is-horizontal is-content-justification-center is-layout-flex wp-container-core-buttons-is-layout-499968f5 wp-block-buttons-is-layout-flex\">\n<div class=\"wp-block-button has-custom-width wp-block-button__width-100 is-style-fill\"><a class=\"wp-block-button__link has-white-color has-text-color has-background no-border-radius wp-element-button\" style=\"background-color:#000000\">2% du montant HT<\/a><\/div>\n\n\n\n<div class=\"wp-block-button has-custom-width wp-block-button__width-100 is-style-fill\"><a class=\"wp-block-button__link has-white-color has-text-color has-background no-border-radius wp-element-button\" style=\"background-color:#000000\"><em>soit pour un fonds de commerce vendu 30.000\u20ac => commission de 600\u20ac<\/em> HT (soit 720\u20ac TTC)<\/a><\/div>\n<\/div>\n<\/div>\n\n\n\n<div class=\"wp-block-column has-text-color has-background has-link-color wp-elements-b78e8b934ccaf1c0becbbfb727af5969 is-layout-flow wp-block-column-is-layout-flow\" style=\"color:#000000;background-color:#c0ebf1;padding-top:2em;padding-right:2em;padding-bottom:2em;padding-left:2em\">\n<h2 class=\"wp-block-heading\" id=\"patron\" style=\"font-size:40px\"><strong><em>Modalit\u00e9s<\/em><\/strong><\/h2>\n\n\n\n<p class=\"has-normal-font-size\"><strong>N&#8217;h\u00e9sitez pas \u00e0 prendre directement attache avec nos services pour plus de renseignements.<\/strong><\/p>\n\n\n\n<hr class=\"wp-block-separator has-css-opacity is-style-wide\"\/>\n\n\n\n<ul class=\"wp-block-list has-normal-font-size\">\n<li>Prestations effectu\u00e9es \u00e0 distance ou \u00e0 domicile<\/li>\n\n\n\n<li>Tarifs s&#8217;entendant hors taxes, redevances, frais de greffe, frais de publicit\u00e9s et \u00e9ventuels frais de d\u00e9placement (facturable au del\u00e0 de 15 km)<\/li>\n\n\n\n<li>devis personnalis\u00e9 gratuit sur demande par mail<\/li>\n<\/ul>\n\n\n\n<div class=\"wp-block-buttons alignfull is-horizontal is-content-justification-center is-layout-flex wp-container-core-buttons-is-layout-499968f5 wp-block-buttons-is-layout-flex\">\n<div class=\"wp-block-button has-custom-width wp-block-button__width-100\"><a class=\"wp-block-button__link has-white-color has-text-color has-background no-border-radius wp-element-button\" style=\"background-color:#000000\">direction@somanagingpartner.fr<\/a><\/div>\n<\/div>\n<\/div>\n<\/div>\n\n\n\n<hr class=\"wp-block-separator has-alpha-channel-opacity\"\/>\n\n\n\n<div class=\"wp-block-media-text is-stacked-on-mobile\" style=\"grid-template-columns:24% auto\"><figure class=\"wp-block-media-text__media\"><img loading=\"lazy\" decoding=\"async\" width=\"500\" height=\"500\" src=\"http:\/\/www.somanagingpartner.fr\/wp-content\/uploads\/2025\/06\/Logo-SMP-bleu-PNG-2.png\" alt=\"\" class=\"wp-image-129 size-full\" srcset=\"https:\/\/www.somanagingpartner.fr\/wp-content\/uploads\/2025\/06\/Logo-SMP-bleu-PNG-2.png 500w, https:\/\/www.somanagingpartner.fr\/wp-content\/uploads\/2025\/06\/Logo-SMP-bleu-PNG-2-300x300.png 300w, https:\/\/www.somanagingpartner.fr\/wp-content\/uploads\/2025\/06\/Logo-SMP-bleu-PNG-2-150x150.png 150w\" sizes=\"auto, (max-width: 500px) 100vw, 500px\" \/><\/figure><div class=\"wp-block-media-text__content\">\n<p class=\"has-text-align-center\"><strong>SO MANAGING PARTNER<\/strong>, votre partenaire de confiance pour toutes vos <em>formalit\u00e9s juridiques<\/em> <em>d&#8217;entreprise<\/em> et <em>d\u00e9marches pluridisciplinaires quotidienne<\/em>s.<\/p>\n<\/div><\/div>\n","protected":false},"excerpt":{"rendered":"<p>Pour ceux qui ont un PROJET DE CREATION\/REPRISE D&#8217;ENTREPRISE Le Cabinet SO MANAGING PARTNER vous accompagne dans votre projet de cr\u00e9ation\/reprise d&#8217;entreprise. De la validation du projet aux formalit\u00e9s d&#8217;inscriptions, SMP saura \u00eatre votre unique interlocuteur pour l&#8217;aboutissement de votre id\u00e9e. Selon la difficult\u00e9 du montage envisag\u00e9, SMP dispose de partenaires de confiance (avocat, expert-comptable, [&hellip;]<\/p>\n","protected":false},"author":1,"featured_media":0,"parent":0,"menu_order":0,"comment_status":"closed","ping_status":"closed","template":"","meta":{"footnotes":""},"class_list":["post-15","page","type-page","status-publish","hentry"],"_links":{"self":[{"href":"https:\/\/www.somanagingpartner.fr\/index.php\/wp-json\/wp\/v2\/pages\/15","targetHints":{"allow":["GET"]}}],"collection":[{"href":"https:\/\/www.somanagingpartner.fr\/index.php\/wp-json\/wp\/v2\/pages"}],"about":[{"href":"https:\/\/www.somanagingpartner.fr\/index.php\/wp-json\/wp\/v2\/types\/page"}],"author":[{"embeddable":true,"href":"https:\/\/www.somanagingpartner.fr\/index.php\/wp-json\/wp\/v2\/users\/1"}],"replies":[{"embeddable":true,"href":"https:\/\/www.somanagingpartner.fr\/index.php\/wp-json\/wp\/v2\/comments?post=15"}],"version-history":[{"count":28,"href":"https:\/\/www.somanagingpartner.fr\/index.php\/wp-json\/wp\/v2\/pages\/15\/revisions"}],"predecessor-version":[{"id":573,"href":"https:\/\/www.somanagingpartner.fr\/index.php\/wp-json\/wp\/v2\/pages\/15\/revisions\/573"}],"wp:attachment":[{"href":"https:\/\/www.somanagingpartner.fr\/index.php\/wp-json\/wp\/v2\/media?parent=15"}],"curies":[{"name":"wp","href":"https:\/\/api.w.org\/{rel}","templated":true}]}}