{"id":17,"date":"2025-06-03T16:09:00","date_gmt":"2025-06-03T14:09:00","guid":{"rendered":"https:\/\/www.somanagingpartner.fr\/?page_id=17"},"modified":"2025-07-24T13:27:57","modified_gmt":"2025-07-24T11:27:57","slug":"formalites-juridiques","status":"publish","type":"page","link":"https:\/\/www.somanagingpartner.fr\/index.php\/formalites-juridiques\/","title":{"rendered":"FORMALITES JURIDIQUES"},"content":{"rendered":"\n<div class=\"wp-block-media-text is-stacked-on-mobile\"><figure class=\"wp-block-media-text__media\"><img loading=\"lazy\" decoding=\"async\" width=\"980\" height=\"1024\" src=\"https:\/\/www.somanagingpartner.fr\/wp-content\/uploads\/2025\/06\/human-rights-7714787_1280-980x1024.jpg\" alt=\"\" class=\"wp-image-190 size-full\" srcset=\"https:\/\/www.somanagingpartner.fr\/wp-content\/uploads\/2025\/06\/human-rights-7714787_1280-980x1024.jpg 980w, https:\/\/www.somanagingpartner.fr\/wp-content\/uploads\/2025\/06\/human-rights-7714787_1280-287x300.jpg 287w, https:\/\/www.somanagingpartner.fr\/wp-content\/uploads\/2025\/06\/human-rights-7714787_1280-768x802.jpg 768w, https:\/\/www.somanagingpartner.fr\/wp-content\/uploads\/2025\/06\/human-rights-7714787_1280.jpg 1225w\" sizes=\"auto, (max-width: 980px) 100vw, 980px\" \/><\/figure><div class=\"wp-block-media-text__content\">\n<h2 class=\"wp-block-heading\">FORMALITES JURIDIQUES<\/h2>\n\n\n\n<p>Le Cabinet <strong>SO MANAGING PARTNER<\/strong> se charge de proc\u00e9der en votre nom et pour votre compte via le <em>Guichet Unique des formalit\u00e9s d\u2019entreprises<\/em> aux enregistrements des d\u00e9marches administratives des entreprises telles que\u00a0:<\/p>\n<\/div><\/div>\n\n\n\n<div class=\"wp-block-columns is-layout-flex wp-container-core-columns-is-layout-9d6595d7 wp-block-columns-is-layout-flex\">\n<div class=\"wp-block-column is-layout-flow wp-block-column-is-layout-flow\">\n<h2 class=\"wp-block-heading has-text-align-center\">Formalit\u00e9s de PROTECTION DE l&#8217;INNOVATION<\/h2>\n\n\n\n<details class=\"wp-block-details is-layout-flow wp-block-details-is-layout-flow\"><summary>Propri\u00e9t\u00e9 litt\u00e9raire &amp; artistique<\/summary>\n<ul class=\"wp-block-list\">\n<li>droit d&#8217;auteur<\/li>\n\n\n\n<li>droits voisins<\/li>\n<\/ul>\n<\/details>\n\n\n\n<details class=\"wp-block-details is-layout-flow wp-block-details-is-layout-flow\"><summary>Propri\u00e9t\u00e9 Intellectuelle<\/summary>\n<ul class=\"wp-block-list\">\n<li>brevets<\/li>\n\n\n\n<li>marques<\/li>\n\n\n\n<li>dessins<\/li>\n\n\n\n<li>mod\u00e8les<\/li>\n<\/ul>\n<\/details>\n<\/div>\n\n\n\n<div class=\"wp-block-column is-layout-flow wp-block-column-is-layout-flow\">\n<h2 class=\"wp-block-heading has-text-align-center\">Formalit\u00e9s de CREATION<\/h2>\n\n\n\n<details class=\"wp-block-details is-layout-flow wp-block-details-is-layout-flow\"><summary>IMMATRICULATION<\/summary>\n<ul class=\"wp-block-list\">\n<li>soci\u00e9t\u00e9s de personnes<\/li>\n\n\n\n<li>soci\u00e9t\u00e9s commerciales<\/li>\n\n\n\n<li>entreprises individuelles<\/li>\n<\/ul>\n<\/details>\n\n\n\n<details class=\"wp-block-details is-layout-flow wp-block-details-is-layout-flow\"><summary>D\u00e9claration de d\u00e9but d&#8217;activit\u00e9<\/summary>\n<ul class=\"wp-block-list\">\n<li>formateurs<\/li>\n\n\n\n<li>micro-entreprises<\/li>\n<\/ul>\n<\/details>\n<\/div>\n<\/div>\n\n\n\n<div class=\"wp-block-columns is-layout-flex wp-container-core-columns-is-layout-9d6595d7 wp-block-columns-is-layout-flex\">\n<div class=\"wp-block-column is-layout-flow wp-block-column-is-layout-flow\">\n<h2 class=\"wp-block-heading has-text-align-center\">Formalit\u00e9s de MODIFICATION<\/h2>\n\n\n\n<ul class=\"wp-block-list\">\n<li>Changement d&#8217;activit\u00e9<\/li>\n\n\n\n<li>Injonction d&#8217;activit\u00e9<\/li>\n\n\n\n<li>Changement de si\u00e8ge social<\/li>\n\n\n\n<li>Changement d&#8217;adresse des b\u00e9n\u00e9ficiaires effectifs<\/li>\n\n\n\n<li>D\u00e9claration des b\u00e9n\u00e9ficiaires effectifs<\/li>\n\n\n\n<li>Changement de nom commercial<\/li>\n\n\n\n<li>Changement de forme de soci\u00e9t\u00e9<\/li>\n\n\n\n<li>Enregistrement des Modifications statutaires<\/li>\n<\/ul>\n<\/div>\n\n\n\n<div class=\"wp-block-column is-layout-flow wp-block-column-is-layout-flow\">\n<h2 class=\"wp-block-heading has-text-align-center\">Formalit\u00e9s de CESSATION<\/h2>\n\n\n\n<ul class=\"wp-block-list\">\n<li>D\u00e9claration de dissolution<\/li>\n\n\n\n<li>D\u00e9claration de liquidation<\/li>\n\n\n\n<li>Radiation<\/li>\n<\/ul>\n<\/div>\n<\/div>\n\n\n\n<hr class=\"wp-block-separator has-alpha-channel-opacity\"\/>\n\n\n\n<div class=\"wp-block-media-text is-stacked-on-mobile\"><figure class=\"wp-block-media-text__media\"><img decoding=\"async\" src=\"http:\/\/www.somanagingpartner.fr\/wp-content\/uploads\/2025\/06\/65Z_2201.w012.n001.25B.p12.25-1.jpg\" alt=\"\" class=\"wp-image-154 size-full\"\/><\/figure><div class=\"wp-block-media-text__content\">\n<h2 class=\"wp-block-heading\"><strong>NOS TARIFS <\/strong><em>&#8220;FORMALITES JURIDIQUES<\/em>&#8220;<\/h2>\n<\/div><\/div>\n\n\n\n<div class=\"wp-block-columns alignwide is-layout-flex wp-container-core-columns-is-layout-829b1d53 wp-block-columns-is-layout-flex\" style=\"margin-bottom:0\">\n<div class=\"wp-block-column has-text-color has-background has-link-color wp-elements-93f46ae7be8ffc7dcf82ab026e9588bc is-layout-flow wp-block-column-is-layout-flow\" style=\"color:#000000;background-color:#ffe97d;padding-top:2em;padding-right:2em;padding-bottom:2em;padding-left:2em\">\n<h2 class=\"wp-block-heading\" id=\"single\" style=\"font-size:40px\">D\u00e9poser une MARQUE<\/h2>\n\n\n\n<hr class=\"wp-block-separator has-text-color has-css-opacity has-background is-style-wide\" style=\"background-color:#000000;color:#000000\"\/>\n\n\n\n<div class=\"wp-block-buttons alignfull is-horizontal is-content-justification-center is-layout-flex wp-container-core-buttons-is-layout-499968f5 wp-block-buttons-is-layout-flex\">\n<div class=\"wp-block-button has-custom-width wp-block-button__width-100\"><a class=\"wp-block-button__link has-white-color has-text-color has-background no-border-radius wp-element-button\" style=\"background-color:#000000\">150\u20ac HT <em>(190\u20ac TTC)<\/em><\/a><\/div>\n<\/div>\n<\/div>\n\n\n\n<div class=\"wp-block-column has-text-color has-background has-link-color wp-elements-a9101253660cbc356046743654249718 is-layout-flow wp-block-column-is-layout-flow\" style=\"color:#000000;background-color:#d1d1e1;padding-top:2em;padding-right:2em;padding-bottom:2em;padding-left:2em\">\n<h2 class=\"wp-block-heading\" id=\"family\" style=\"font-size:40px\">Tarif HORAIRE<\/h2>\n\n\n\n<p class=\"has-normal-font-size\" style=\"line-height:1.5\"><strong>Devis gratuit sur demande<\/strong><\/p>\n\n\n\n<hr class=\"wp-block-separator has-css-opacity is-style-wide\"\/>\n\n\n\n<ul class=\"wp-block-list has-normal-font-size\">\n<li>Formalit\u00e9s de <strong>PROTECTION DE l&#8217;INNOVATION <\/strong>: sur devis en fonction de la complexit\u00e9 et du temps consacr\u00e9<\/li>\n\n\n\n<li>Enregistrement des Formalit\u00e9s de <strong>MODIFICATION<\/strong><\/li>\n\n\n\n<li><strong>Autres demandes<\/strong><\/li>\n<\/ul>\n\n\n\n<div class=\"wp-block-buttons alignfull is-horizontal is-content-justification-center is-layout-flex wp-container-core-buttons-is-layout-499968f5 wp-block-buttons-is-layout-flex\">\n<div class=\"wp-block-button has-custom-width wp-block-button__width-100 is-style-fill\"><a class=\"wp-block-button__link has-white-color has-text-color has-background no-border-radius wp-element-button\" style=\"background-color:#000000\">sur DEVIS en fonction de votre demande<\/a><\/div>\n<\/div>\n<\/div>\n\n\n\n<div class=\"wp-block-column has-text-color has-background has-link-color wp-elements-d16bb8810038069dcfe321743dbf4d75 is-layout-flow wp-block-column-is-layout-flow\" style=\"color:#000000;background-color:#c0ebf1;padding-top:2em;padding-right:2em;padding-bottom:2em;padding-left:2em\">\n<h2 class=\"wp-block-heading\" id=\"patron\" style=\"font-size:40px\">Enregistrer les formalit\u00e9s de Cr\u00e9ation d&#8217;une MICRO-ENTREPRISE \/ d&#8217;une ASSOCIATION Loi 1901<\/h2>\n\n\n\n<hr class=\"wp-block-separator has-css-opacity is-style-wide\"\/>\n\n\n\n<div class=\"wp-block-buttons alignfull is-horizontal is-content-justification-center is-layout-flex wp-container-core-buttons-is-layout-499968f5 wp-block-buttons-is-layout-flex\">\n<div class=\"wp-block-button has-custom-width wp-block-button__width-100\"><a class=\"wp-block-button__link has-white-color has-text-color has-background no-border-radius wp-element-button\" style=\"background-color:#000000\">250\u20ac HT <em>(300\u20ac TTC)<\/em><\/a><\/div>\n<\/div>\n<\/div>\n<\/div>\n\n\n\n<div class=\"wp-block-columns alignwide is-layout-flex wp-container-core-columns-is-layout-829b1d53 wp-block-columns-is-layout-flex\" style=\"margin-bottom:0\">\n<div class=\"wp-block-column has-text-color has-background has-link-color wp-elements-08849d224a76e1a9965104d4d0a320e6 is-layout-flow wp-block-column-is-layout-flow\" style=\"color:#000000;background-color:#c0ebf1;padding-top:2em;padding-right:2em;padding-bottom:2em;padding-left:2em\">\n<h2 class=\"wp-block-heading\" id=\"patron\" style=\"font-size:40px\">Enregistrer les Formalit\u00e9s de CESSION \/ CESSATION de votre structure<\/h2>\n\n\n\n<hr class=\"wp-block-separator has-css-opacity is-style-wide\"\/>\n\n\n\n<ul class=\"wp-block-list has-normal-font-size\">\n<li>Dissolution \/ Liquidation<\/li>\n\n\n\n<li>hors frais de greffe et de publicit\u00e9s<\/li>\n<\/ul>\n\n\n\n<div class=\"wp-block-buttons alignfull is-horizontal is-content-justification-center is-layout-flex wp-container-core-buttons-is-layout-499968f5 wp-block-buttons-is-layout-flex\">\n<div class=\"wp-block-button has-custom-width wp-block-button__width-100\"><a class=\"wp-block-button__link has-white-color has-text-color has-background no-border-radius wp-element-button\" style=\"background-color:#000000\">250\u20ac HT <em>(300\u20ac TTC)<\/em><\/a><\/div>\n<\/div>\n<\/div>\n\n\n\n<div class=\"wp-block-column has-text-color has-background has-link-color wp-elements-18b86cb30033b782cbcb95004510f793 is-layout-flow wp-block-column-is-layout-flow\" style=\"color:#000000;background-color:#ffe97d;padding-top:2em;padding-right:2em;padding-bottom:2em;padding-left:2em\">\n<h2 class=\"wp-block-heading\" id=\"single\" style=\"font-size:40px\">Enregistrer les Formalit\u00e9s de Cr\u00e9ation d&#8217;une SOCIETE<\/h2>\n\n\n\n<p class=\"has-normal-font-size\" style=\"line-height:1.5\"><strong>Liste non exhaustive de services<\/strong><\/p>\n\n\n\n<hr class=\"wp-block-separator has-text-color has-css-opacity has-background is-style-wide\" style=\"background-color:#000000;color:#000000\"\/>\n\n\n\n<ul class=\"wp-block-list\">\n<li>SAS, SASU<\/li>\n\n\n\n<li>SCI<\/li>\n\n\n\n<li>SARL<\/li>\n<\/ul>\n\n\n\n<div class=\"wp-block-buttons alignfull is-horizontal is-content-justification-center is-layout-flex wp-container-core-buttons-is-layout-499968f5 wp-block-buttons-is-layout-flex\">\n<div class=\"wp-block-button has-custom-width wp-block-button__width-100\"><a class=\"wp-block-button__link has-white-color has-text-color has-background no-border-radius wp-element-button\" style=\"background-color:#000000\">800\u20ac HT <em>(960\u20ac TTC)<\/em><\/a><\/div>\n<\/div>\n<\/div>\n\n\n\n<div class=\"wp-block-column has-text-color has-background has-link-color wp-elements-272665a9d22e2c102ff55ffd0c75a45d is-layout-flow wp-block-column-is-layout-flow\" style=\"color:#000000;background-color:#d1d1e1;padding-top:2em;padding-right:2em;padding-bottom:2em;padding-left:2em\">\n<h2 class=\"wp-block-heading\" id=\"family\" style=\"font-size:40px\"><em><strong>Modalit\u00e9s<\/strong><\/em><\/h2>\n\n\n\n<p class=\"has-normal-font-size\" style=\"line-height:1.5\">N&#8217;h\u00e9sitez pas \u00e0 prendre directement attache avec nos services pour plus de renseignements. <\/p>\n\n\n\n<hr class=\"wp-block-separator has-css-opacity is-style-wide\"\/>\n\n\n\n<ul class=\"wp-block-list has-normal-font-size\">\n<li>Prestations effectu\u00e9es sur site ou \u00e0 distance selon la demande<\/li>\n\n\n\n<li>TARIFS s&#8217;entendant hors taxes, redevances, frais de Greffe et \u00e9ventuels frais de d\u00e9placement (facturable au del\u00e0 de 15 km)<\/li>\n\n\n\n<li>Devis personnalis\u00e9 gratuit sur demande par mail<\/li>\n<\/ul>\n\n\n\n<div class=\"wp-block-buttons alignfull is-horizontal is-content-justification-center is-layout-flex wp-container-core-buttons-is-layout-499968f5 wp-block-buttons-is-layout-flex\">\n<div class=\"wp-block-button has-custom-width wp-block-button__width-100 is-style-fill\"><a class=\"wp-block-button__link has-white-color has-text-color has-background no-border-radius wp-element-button\" style=\"background-color:#000000\">direction@somanagingpartner.fr<\/a><\/div>\n<\/div>\n<\/div>\n<\/div>\n\n\n\n<hr class=\"wp-block-separator has-alpha-channel-opacity\"\/>\n\n\n\n<div class=\"wp-block-media-text is-stacked-on-mobile\" style=\"grid-template-columns:24% auto\"><figure class=\"wp-block-media-text__media\"><img loading=\"lazy\" decoding=\"async\" width=\"500\" height=\"500\" src=\"http:\/\/www.somanagingpartner.fr\/wp-content\/uploads\/2025\/06\/Logo-SMP-bleu-PNG-2.png\" alt=\"\" class=\"wp-image-129 size-full\" srcset=\"https:\/\/www.somanagingpartner.fr\/wp-content\/uploads\/2025\/06\/Logo-SMP-bleu-PNG-2.png 500w, https:\/\/www.somanagingpartner.fr\/wp-content\/uploads\/2025\/06\/Logo-SMP-bleu-PNG-2-300x300.png 300w, https:\/\/www.somanagingpartner.fr\/wp-content\/uploads\/2025\/06\/Logo-SMP-bleu-PNG-2-150x150.png 150w\" sizes=\"auto, (max-width: 500px) 100vw, 500px\" \/><\/figure><div class=\"wp-block-media-text__content\">\n<p class=\"has-text-align-center\"><strong>SO MANAGING PARTNER<\/strong>, votre partenaire de confiance pour toutes vos <em>formalit\u00e9s juridiques<\/em> <em>d&#8217;entreprise<\/em> et <em>d\u00e9marches pluridisciplinaires quotidienne<\/em>s.<\/p>\n<\/div><\/div>\n","protected":false},"excerpt":{"rendered":"<p>FORMALITES JURIDIQUES Le Cabinet SO MANAGING PARTNER se charge de proc\u00e9der en votre nom et pour votre compte via le Guichet Unique des formalit\u00e9s d\u2019entreprises aux enregistrements des d\u00e9marches administratives des entreprises telles que\u00a0: Formalit\u00e9s de PROTECTION DE l&#8217;INNOVATION Formalit\u00e9s de CREATION Formalit\u00e9s de MODIFICATION Formalit\u00e9s de CESSATION NOS TARIFS &#8220;FORMALITES JURIDIQUES&#8220; D\u00e9poser une MARQUE [&hellip;]<\/p>\n","protected":false},"author":1,"featured_media":0,"parent":0,"menu_order":0,"comment_status":"closed","ping_status":"closed","template":"","meta":{"footnotes":""},"class_list":["post-17","page","type-page","status-publish","hentry"],"_links":{"self":[{"href":"https:\/\/www.somanagingpartner.fr\/index.php\/wp-json\/wp\/v2\/pages\/17","targetHints":{"allow":["GET"]}}],"collection":[{"href":"https:\/\/www.somanagingpartner.fr\/index.php\/wp-json\/wp\/v2\/pages"}],"about":[{"href":"https:\/\/www.somanagingpartner.fr\/index.php\/wp-json\/wp\/v2\/types\/page"}],"author":[{"embeddable":true,"href":"https:\/\/www.somanagingpartner.fr\/index.php\/wp-json\/wp\/v2\/users\/1"}],"replies":[{"embeddable":true,"href":"https:\/\/www.somanagingpartner.fr\/index.php\/wp-json\/wp\/v2\/comments?post=17"}],"version-history":[{"count":29,"href":"https:\/\/www.somanagingpartner.fr\/index.php\/wp-json\/wp\/v2\/pages\/17\/revisions"}],"predecessor-version":[{"id":529,"href":"https:\/\/www.somanagingpartner.fr\/index.php\/wp-json\/wp\/v2\/pages\/17\/revisions\/529"}],"wp:attachment":[{"href":"https:\/\/www.somanagingpartner.fr\/index.php\/wp-json\/wp\/v2\/media?parent=17"}],"curies":[{"name":"wp","href":"https:\/\/api.w.org\/{rel}","templated":true}]}}