{"id":19,"date":"2025-07-29T16:09:00","date_gmt":"2025-07-29T14:09:00","guid":{"rendered":"https:\/\/www.somanagingpartner.fr\/?page_id=19"},"modified":"2025-08-02T08:41:24","modified_gmt":"2025-08-02T06:41:24","slug":"actualites-veille-juridique","status":"publish","type":"page","link":"https:\/\/www.somanagingpartner.fr\/index.php\/actualites-veille-juridique\/","title":{"rendered":"Actualit\u00e9s &#8211; Veille Juridique"},"content":{"rendered":"\n<p>2 ao\u00fbt 2025 : Profil SMP valid\u00e9 par le CONSEIL NATIONAL DES BARREAUX => <a href=\"https:\/\/www.cnb.avocat.fr\/fr\/assistante-juridique-formaliste-0\">https:\/\/www.cnb.avocat.fr\/fr\/assistante-juridique-formaliste-0<\/a><\/p>\n\n\n\n<div class=\"wp-block-columns is-layout-flex wp-container-core-columns-is-layout-9d6595d7 wp-block-columns-is-layout-flex\">\n<div class=\"wp-block-column is-layout-flow wp-block-column-is-layout-flow\" style=\"flex-basis:100%\">\n<figure class=\"wp-block-gallery has-nested-images columns-default is-cropped wp-block-gallery-1 is-layout-flex wp-block-gallery-is-layout-flex\">\n<figure class=\"wp-block-image size-large\"><img loading=\"lazy\" decoding=\"async\" width=\"636\" height=\"1024\" data-id=\"556\" src=\"https:\/\/www.somanagingpartner.fr\/wp-content\/uploads\/2025\/08\/1-636x1024.jpg\" alt=\"\" class=\"wp-image-556\" srcset=\"https:\/\/www.somanagingpartner.fr\/wp-content\/uploads\/2025\/08\/1-636x1024.jpg 636w, https:\/\/www.somanagingpartner.fr\/wp-content\/uploads\/2025\/08\/1-186x300.jpg 186w, https:\/\/www.somanagingpartner.fr\/wp-content\/uploads\/2025\/08\/1-768x1237.jpg 768w, https:\/\/www.somanagingpartner.fr\/wp-content\/uploads\/2025\/08\/1-954x1536.jpg 954w, https:\/\/www.somanagingpartner.fr\/wp-content\/uploads\/2025\/08\/1.jpg 1170w\" sizes=\"auto, (max-width: 636px) 100vw, 636px\" \/><\/figure>\n\n\n\n<figure class=\"wp-block-image size-large\"><img loading=\"lazy\" decoding=\"async\" width=\"635\" height=\"1024\" data-id=\"560\" src=\"https:\/\/www.somanagingpartner.fr\/wp-content\/uploads\/2025\/08\/3-635x1024.jpg\" alt=\"\" class=\"wp-image-560\" srcset=\"https:\/\/www.somanagingpartner.fr\/wp-content\/uploads\/2025\/08\/3-635x1024.jpg 635w, https:\/\/www.somanagingpartner.fr\/wp-content\/uploads\/2025\/08\/3-186x300.jpg 186w, https:\/\/www.somanagingpartner.fr\/wp-content\/uploads\/2025\/08\/3-768x1239.jpg 768w, https:\/\/www.somanagingpartner.fr\/wp-content\/uploads\/2025\/08\/3-952x1536.jpg 952w, https:\/\/www.somanagingpartner.fr\/wp-content\/uploads\/2025\/08\/3.jpg 1170w\" sizes=\"auto, (max-width: 635px) 100vw, 635px\" \/><\/figure>\n<\/figure>\n<\/div>\n<\/div>\n\n\n\n<div class=\"wp-block-media-text is-stacked-on-mobile is-vertically-aligned-top\" style=\"grid-template-columns:24% auto\"><figure class=\"wp-block-media-text__media\"><img loading=\"lazy\" decoding=\"async\" width=\"1024\" height=\"734\" src=\"https:\/\/www.somanagingpartner.fr\/wp-content\/uploads\/2025\/07\/business-6680123_1280-1024x734.png\" alt=\"\" class=\"wp-image-542 size-full\" srcset=\"https:\/\/www.somanagingpartner.fr\/wp-content\/uploads\/2025\/07\/business-6680123_1280-1024x734.png 1024w, https:\/\/www.somanagingpartner.fr\/wp-content\/uploads\/2025\/07\/business-6680123_1280-300x215.png 300w, https:\/\/www.somanagingpartner.fr\/wp-content\/uploads\/2025\/07\/business-6680123_1280-768x550.png 768w, https:\/\/www.somanagingpartner.fr\/wp-content\/uploads\/2025\/07\/business-6680123_1280.png 1280w\" sizes=\"auto, (max-width: 1024px) 100vw, 1024px\" \/><\/figure><div class=\"wp-block-media-text__content\"><div class=\"wp-block-post-date\"><time datetime=\"2025-07-29T16:09:00+02:00\">29 July 2025<\/time><\/div>\n\n\n<h2 class=\"wp-block-heading\">Qu&#8217;est ce que l&#8217;assistanat juridique externalis\u00e9 pour experts-comptables ?<\/h2>\n\n\n\n<p class=\"has-text-align-center\">Pourquoi externaliser votre assistanat juridique ?<br>En tant qu&#8217;expert-comptable, vous \u00eates souvent sollicit\u00e9 pour :<\/p>\n\n\n\n<ul class=\"wp-block-list\">\n<li>La cr\u00e9ation de soci\u00e9t\u00e9s<\/li>\n\n\n\n<li>la r\u00e9daction de PV d&#8217;assembl\u00e9es<\/li>\n\n\n\n<li>le suivi juridique annuel<\/li>\n\n\n\n<li>la gestion des formalit\u00e9s administratives<\/li>\n<\/ul>\n\n\n\n<p>Ces t\u00e2ches, bien qu&#8217;essentielles, sont chronophages et mobilisent des ressources internes. SO MANAGING PARTNER vous accompagne. <\/p>\n\n\n\n<p>Bas\u00e9e dans le CHER (18), SMP propose une externalisation sur-mesure de votre assistanat juridique.<\/p>\n\n\n\n<p>Nos SERVICES :<\/p>\n\n\n\n<ul class=\"wp-block-list\">\n<li>r\u00e9dactions\/corrections orthographiques d&#8217;actes juridiques<\/li>\n\n\n\n<li>formalit\u00e9s au Greffe et sur l&#8217;INPI<\/li>\n\n\n\n<li>veille juridique et conformit\u00e9<\/li>\n\n\n\n<li>gestion documentaire et archivage num\u00e9rique<\/li>\n<\/ul>\n\n\n\n<p><strong>ASSISTANCE PONCTUELLE OU RECURRENTE<\/strong><\/p>\n\n\n\n<p>Nos ATOUTS :<\/p>\n\n\n\n<ul class=\"wp-block-list\">\n<li>R\u00e9activit\u00e9<\/li>\n\n\n\n<li><strong>Confidentialit\u00e9<\/strong><\/li>\n\n\n\n<li>Expertise Juridique<\/li>\n\n\n\n<li>Expertise Administrative<\/li>\n\n\n\n<li>Tarification claire : \u00e0 la mission ou \u00e0 l&#8217;heure<\/li>\n\n\n\n<li>Intervention \u00e0 distance ou sur site<\/li>\n\n\n\n<li>Solution souple et sans engagement<\/li>\n\n\n\n<li>Gain de temps<\/li>\n\n\n\n<li>R\u00e9duction des co\u00fbts fixes<\/li>\n\n\n\n<li>Aucune Gestion RH<\/li>\n<\/ul>\n\n\n\n<p class=\"has-text-align-center\"><strong>DIRECTION@SOMANAGINGPARTNER.FR<\/strong><\/p>\n<\/div><\/div>\n","protected":false},"excerpt":{"rendered":"<p>2 ao\u00fbt 2025 : Profil SMP valid\u00e9 par le CONSEIL NATIONAL DES BARREAUX => https:\/\/www.cnb.avocat.fr\/fr\/assistante-juridique-formaliste-0<\/p>\n","protected":false},"author":1,"featured_media":0,"parent":0,"menu_order":0,"comment_status":"closed","ping_status":"closed","template":"","meta":{"footnotes":""},"class_list":["post-19","page","type-page","status-publish","hentry"],"_links":{"self":[{"href":"https:\/\/www.somanagingpartner.fr\/index.php\/wp-json\/wp\/v2\/pages\/19","targetHints":{"allow":["GET"]}}],"collection":[{"href":"https:\/\/www.somanagingpartner.fr\/index.php\/wp-json\/wp\/v2\/pages"}],"about":[{"href":"https:\/\/www.somanagingpartner.fr\/index.php\/wp-json\/wp\/v2\/types\/page"}],"author":[{"embeddable":true,"href":"https:\/\/www.somanagingpartner.fr\/index.php\/wp-json\/wp\/v2\/users\/1"}],"replies":[{"embeddable":true,"href":"https:\/\/www.somanagingpartner.fr\/index.php\/wp-json\/wp\/v2\/comments?post=19"}],"version-history":[{"count":18,"href":"https:\/\/www.somanagingpartner.fr\/index.php\/wp-json\/wp\/v2\/pages\/19\/revisions"}],"predecessor-version":[{"id":564,"href":"https:\/\/www.somanagingpartner.fr\/index.php\/wp-json\/wp\/v2\/pages\/19\/revisions\/564"}],"wp:attachment":[{"href":"https:\/\/www.somanagingpartner.fr\/index.php\/wp-json\/wp\/v2\/media?parent=19"}],"curies":[{"name":"wp","href":"https:\/\/api.w.org\/{rel}","templated":true}]}}