{"id":21,"date":"2025-06-03T16:09:33","date_gmt":"2025-06-03T14:09:33","guid":{"rendered":"https:\/\/www.somanagingpartner.fr\/?page_id=21"},"modified":"2025-06-05T10:35:54","modified_gmt":"2025-06-05T08:35:54","slug":"contact","status":"publish","type":"page","link":"https:\/\/www.somanagingpartner.fr\/index.php\/contact\/","title":{"rendered":"Contact"},"content":{"rendered":"<div class=\"wp-block-image\">\n<figure class=\"aligncenter size-large\"><img loading=\"lazy\" decoding=\"async\" width=\"1024\" height=\"294\" src=\"https:\/\/www.somanagingpartner.fr\/wp-content\/uploads\/2025\/06\/contact-us-1908763_1280-1024x294.png\" alt=\"\" class=\"wp-image-69\" srcset=\"https:\/\/www.somanagingpartner.fr\/wp-content\/uploads\/2025\/06\/contact-us-1908763_1280-1024x294.png 1024w, https:\/\/www.somanagingpartner.fr\/wp-content\/uploads\/2025\/06\/contact-us-1908763_1280-300x86.png 300w, https:\/\/www.somanagingpartner.fr\/wp-content\/uploads\/2025\/06\/contact-us-1908763_1280-768x220.png 768w, https:\/\/www.somanagingpartner.fr\/wp-content\/uploads\/2025\/06\/contact-us-1908763_1280.png 1280w\" sizes=\"auto, (max-width: 1024px) 100vw, 1024px\" \/><\/figure>\n<\/div>\n\n\n<p class=\"has-text-align-center\"><strong>direction@somanagingpartner.fr<\/strong><\/p>\n\n\n\n<p class=\"has-text-align-center\"><strong>06 42 57 53 21<\/strong><\/p>\n\n\n\n<p class=\"has-text-align-center\"><strong>Horaires<\/strong> : du lundi au vendredi de 9H \u00e0 19h &amp; le samedi de 10h \u00e0 18H<\/p>\n\n\n\n<p class=\"has-text-align-center\"><strong>Uniquement sur rendez-vous<\/strong> : \u00e0 votre domicile\/lieu de travail ou au si\u00e8ge social de la soci\u00e9t\u00e9 <\/p>\n\n\n\n<p class=\"has-text-align-center\"><em>Si\u00e8ge social<\/em> : 1328 Pr\u00e9alix &#8211; 18130 DUN SUR AURON<\/p>\n\n\n<div class=\"aligncenter wp-block-site-logo\"><a href=\"https:\/\/www.somanagingpartner.fr\/\" class=\"navbar-brand\" rel=\"home\"><img loading=\"lazy\" decoding=\"async\" width=\"205\" height=\"188\" src=\"https:\/\/www.somanagingpartner.fr\/wp-content\/uploads\/2025\/06\/cropped-cropped-Logo-SMP-blanc-PNG-2.png\" class=\"custom-logo\" alt=\"SO MANAGING PARTNER\" srcset=\"https:\/\/www.somanagingpartner.fr\/wp-content\/uploads\/2025\/06\/cropped-cropped-Logo-SMP-blanc-PNG-2.png 326w, https:\/\/www.somanagingpartner.fr\/wp-content\/uploads\/2025\/06\/cropped-cropped-Logo-SMP-blanc-PNG-2-300x276.png 300w\" sizes=\"auto, (max-width: 205px) 100vw, 205px\" \/><\/a><\/div>\n\n\n<p><\/p>\n","protected":false},"excerpt":{"rendered":"<p>direction@somanagingpartner.fr 06 42 57 53 21 Horaires : du lundi au vendredi de 9H \u00e0 19h &amp; le samedi de 10h \u00e0 18H Uniquement sur rendez-vous : \u00e0 votre domicile\/lieu de travail ou au si\u00e8ge social de la soci\u00e9t\u00e9 Si\u00e8ge social : 1328 Pr\u00e9alix &#8211; 18130 DUN SUR AURON<\/p>\n","protected":false},"author":1,"featured_media":0,"parent":0,"menu_order":0,"comment_status":"closed","ping_status":"closed","template":"","meta":{"footnotes":""},"class_list":["post-21","page","type-page","status-publish","hentry"],"_links":{"self":[{"href":"https:\/\/www.somanagingpartner.fr\/index.php\/wp-json\/wp\/v2\/pages\/21","targetHints":{"allow":["GET"]}}],"collection":[{"href":"https:\/\/www.somanagingpartner.fr\/index.php\/wp-json\/wp\/v2\/pages"}],"about":[{"href":"https:\/\/www.somanagingpartner.fr\/index.php\/wp-json\/wp\/v2\/types\/page"}],"author":[{"embeddable":true,"href":"https:\/\/www.somanagingpartner.fr\/index.php\/wp-json\/wp\/v2\/users\/1"}],"replies":[{"embeddable":true,"href":"https:\/\/www.somanagingpartner.fr\/index.php\/wp-json\/wp\/v2\/comments?post=21"}],"version-history":[{"count":7,"href":"https:\/\/www.somanagingpartner.fr\/index.php\/wp-json\/wp\/v2\/pages\/21\/revisions"}],"predecessor-version":[{"id":83,"href":"https:\/\/www.somanagingpartner.fr\/index.php\/wp-json\/wp\/v2\/pages\/21\/revisions\/83"}],"wp:attachment":[{"href":"https:\/\/www.somanagingpartner.fr\/index.php\/wp-json\/wp\/v2\/media?parent=21"}],"curies":[{"name":"wp","href":"https:\/\/api.w.org\/{rel}","templated":true}]}}