{"id":429,"date":"2025-06-17T16:23:56","date_gmt":"2025-06-17T14:23:56","guid":{"rendered":"https:\/\/www.somanagingpartner.fr\/?page_id=429"},"modified":"2025-06-22T20:48:33","modified_gmt":"2025-06-22T18:48:33","slug":"professionnels-du-sport-automobile","status":"publish","type":"page","link":"https:\/\/www.somanagingpartner.fr\/index.php\/professionnels-du-sport-automobile\/","title":{"rendered":"Professionnels du Sport Automobile"},"content":{"rendered":"\n<div class=\"wp-block-media-text is-stacked-on-mobile\" style=\"grid-template-columns:35% auto\"><figure class=\"wp-block-media-text__media\"><img loading=\"lazy\" decoding=\"async\" width=\"1024\" height=\"800\" src=\"https:\/\/www.somanagingpartner.fr\/wp-content\/uploads\/2025\/06\/car-40191_1280-1024x800.png\" alt=\"\" class=\"wp-image-434 size-full\" srcset=\"https:\/\/www.somanagingpartner.fr\/wp-content\/uploads\/2025\/06\/car-40191_1280-1024x800.png 1024w, https:\/\/www.somanagingpartner.fr\/wp-content\/uploads\/2025\/06\/car-40191_1280-300x234.png 300w, https:\/\/www.somanagingpartner.fr\/wp-content\/uploads\/2025\/06\/car-40191_1280-768x600.png 768w, https:\/\/www.somanagingpartner.fr\/wp-content\/uploads\/2025\/06\/car-40191_1280.png 1280w\" sizes=\"auto, (max-width: 1024px) 100vw, 1024px\" \/><\/figure><div class=\"wp-block-media-text__content\">\n<h2 class=\"wp-block-heading\">TEAM DE COURSE &#8211; ECURIE AUTOMOBILE &#8211; ORGANISATEURS DE STAGES DE PILOTAGE ??? <\/h2>\n\n\n\n<p>\u00e0 la recherche d&#8217;un <strong>Team Manager\/Coordinateur<\/strong> pour superviser votre \u00e9quipe lors des week-ends de course et\/ou g\u00e9rer votre logistique d&#8217;organisation ? <strong><em>SO MANAGING PARTNER<\/em><\/strong> vous \u00e9paule en vous facilitant les t\u00e2ches administratives et op\u00e9rations quotidiennes pour une meilleure gestion de votre structure.  <\/p>\n<\/div><\/div>\n\n\n\n<hr class=\"wp-block-separator has-alpha-channel-opacity\"\/>\n\n\n\n<div class=\"wp-block-media-text has-media-on-the-right is-stacked-on-mobile\" style=\"grid-template-columns:auto 40%\"><div class=\"wp-block-media-text__content\">\n<h2 class=\"wp-block-heading has-text-align-center\">NOS COMPETENCES<\/h2>\n\n\n\n<ul class=\"wp-block-list\">\n<li>Management d&#8217;\u00e9quipe<\/li>\n\n\n\n<li>Lien entre les \u00e9quipes de pr\u00e9paration et le d\u00e9veloppement des v\u00e9hicules de comp\u00e9tition<\/li>\n\n\n\n<li>Analyse des r\u00e8glementations sportives <\/li>\n\n\n\n<li>Participation \u00e0 la strat\u00e9gie de course<\/li>\n\n\n\n<li>Logistique globale de la vie de l&#8217;\u00e9quipe sur place<\/li>\n\n\n\n<li>Gestion de la communication du team<\/li>\n\n\n\n<li>Accueil sponsoring<\/li>\n\n\n\n<li>Organisation de l\u2019agenda du team<\/li>\n\n\n\n<li>Elaboration de feuilles de route<\/li>\n\n\n\n<li>R\u00e9servation d&#8217;h\u00f4tels<\/li>\n\n\n\n<li>R\u00e9daction de notes internes<\/li>\n\n\n\n<li>Gestion comptable\/financi\u00e8re\/analytique<\/li>\n\n\n\n<li>Gestion organisationnelle<\/li>\n<\/ul>\n<\/div><figure class=\"wp-block-media-text__media\"><img loading=\"lazy\" decoding=\"async\" width=\"1024\" height=\"424\" src=\"https:\/\/www.somanagingpartner.fr\/wp-content\/uploads\/2025\/06\/cars-8850215_1280-1024x424.png\" alt=\"\" class=\"wp-image-444 size-full\" srcset=\"https:\/\/www.somanagingpartner.fr\/wp-content\/uploads\/2025\/06\/cars-8850215_1280-1024x424.png 1024w, https:\/\/www.somanagingpartner.fr\/wp-content\/uploads\/2025\/06\/cars-8850215_1280-300x124.png 300w, https:\/\/www.somanagingpartner.fr\/wp-content\/uploads\/2025\/06\/cars-8850215_1280-768x318.png 768w, https:\/\/www.somanagingpartner.fr\/wp-content\/uploads\/2025\/06\/cars-8850215_1280.png 1280w\" sizes=\"auto, (max-width: 1024px) 100vw, 1024px\" \/><\/figure><\/div>\n\n\n\n<hr class=\"wp-block-separator has-alpha-channel-opacity\"\/>\n\n\n\n<div class=\"wp-block-media-text is-stacked-on-mobile\"><figure class=\"wp-block-media-text__media\"><img decoding=\"async\" src=\"http:\/\/www.somanagingpartner.fr\/wp-content\/uploads\/2025\/06\/65Z_2201.w012.n001.25B.p12.25-1.jpg\" alt=\"\" class=\"wp-image-154 size-full\"\/><\/figure><div class=\"wp-block-media-text__content\">\n<h2 class=\"wp-block-heading\"><strong>NOS TARIFS <\/strong><em>&#8220;<\/em>pour PROFESSIONNELS du Sport Automobile&#8221;<\/h2>\n<\/div><\/div>\n\n\n\n<div class=\"wp-block-columns alignwide is-layout-flex wp-container-core-columns-is-layout-829b1d53 wp-block-columns-is-layout-flex\" style=\"margin-bottom:0\">\n<div class=\"wp-block-column has-text-color has-background has-link-color wp-elements-9774fee4551a7ec617a0cb92ae859254 is-layout-flow wp-block-column-is-layout-flow\" style=\"color:#000000;background-color:#ffe97d;padding-top:2em;padding-right:2em;padding-bottom:2em;padding-left:2em\">\n<h2 class=\"wp-block-heading\" id=\"single\" style=\"font-size:40px\">Tarif HORAIRE<\/h2>\n\n\n\n<p class=\"has-normal-font-size\" style=\"line-height:1.5\"><strong>Devis gratuit sur demande<\/strong><\/p>\n\n\n\n<hr class=\"wp-block-separator has-text-color has-css-opacity has-background is-style-wide\" style=\"background-color:#000000;color:#000000\"\/>\n\n\n\n<details class=\"wp-block-details is-layout-flow wp-block-details-is-layout-flow\"><summary>&#8211; 7 HEURES \/ MOIS<\/summary>\n<div class=\"wp-block-buttons is-content-justification-center is-layout-flex wp-container-core-buttons-is-layout-16018d1d wp-block-buttons-is-layout-flex\">\n<div class=\"wp-block-button\"><a class=\"wp-block-button__link wp-element-button\">65\u20ac ht \/ heure<\/a><\/div>\n<\/div>\n<\/details>\n\n\n\n<details class=\"wp-block-details is-layout-flow wp-block-details-is-layout-flow\"><summary>1 JOUR \/ MOIS<\/summary>\n<div class=\"wp-block-buttons is-content-justification-center is-layout-flex wp-container-core-buttons-is-layout-16018d1d wp-block-buttons-is-layout-flex\">\n<div class=\"wp-block-button\"><a class=\"wp-block-button__link wp-element-button\">60\u20ac ht \/ heure<\/a><\/div>\n<\/div>\n<\/details>\n\n\n\n<details class=\"wp-block-details is-layout-flow wp-block-details-is-layout-flow\"><summary>2 JOURS \/ MOIS<\/summary>\n<div class=\"wp-block-buttons is-content-justification-center is-layout-flex wp-container-core-buttons-is-layout-16018d1d wp-block-buttons-is-layout-flex\">\n<div class=\"wp-block-button\"><a class=\"wp-block-button__link wp-element-button\">55\u20ac ht \/ heure<\/a><\/div>\n<\/div>\n<\/details>\n\n\n\n<details class=\"wp-block-details is-layout-flow wp-block-details-is-layout-flow\"><summary>3 JOURS \/ MOIS<\/summary>\n<div class=\"wp-block-buttons is-content-justification-center is-layout-flex wp-container-core-buttons-is-layout-16018d1d wp-block-buttons-is-layout-flex\">\n<div class=\"wp-block-button\"><a class=\"wp-block-button__link wp-element-button\">50\u20ac ht \/ heure<\/a><\/div>\n<\/div>\n<\/details>\n\n\n\n<details class=\"wp-block-details is-layout-flow wp-block-details-is-layout-flow\"><summary>4 JOURS \/ MOIS<\/summary>\n<div class=\"wp-block-buttons is-content-justification-center is-layout-flex wp-container-core-buttons-is-layout-16018d1d wp-block-buttons-is-layout-flex\">\n<div class=\"wp-block-button\"><a class=\"wp-block-button__link wp-element-button\">45\u20ac ht \/ heure<\/a><\/div>\n<\/div>\n<\/details>\n\n\n\n<details class=\"wp-block-details is-layout-flow wp-block-details-is-layout-flow\"><summary>5 \u00e0 10 JOURS \/ MOIS<\/summary>\n<div class=\"wp-block-buttons is-content-justification-center is-layout-flex wp-container-core-buttons-is-layout-16018d1d wp-block-buttons-is-layout-flex\">\n<div class=\"wp-block-button\"><a class=\"wp-block-button__link wp-element-button\">40\u20ac ht \/ heure<\/a><\/div>\n<\/div>\n<\/details>\n\n\n\n<details class=\"wp-block-details is-layout-flow wp-block-details-is-layout-flow\"><summary>11 JOURS ou plus \/ MOIS<\/summary>\n<div class=\"wp-block-buttons is-content-justification-center is-layout-flex wp-container-core-buttons-is-layout-16018d1d wp-block-buttons-is-layout-flex\">\n<div class=\"wp-block-button\"><a class=\"wp-block-button__link wp-element-button\">35\u20ac ht \/ heure<\/a><\/div>\n<\/div>\n<\/details>\n<\/div>\n\n\n\n<div class=\"wp-block-column has-text-color has-background has-link-color wp-elements-5a8cfae91494b2f305a9c86d38dfca61 is-layout-flow wp-block-column-is-layout-flow\" style=\"color:#000000;background-color:#c0ebf1;padding-top:2em;padding-right:2em;padding-bottom:2em;padding-left:2em\">\n<h2 class=\"wp-block-heading\" id=\"patron\" style=\"font-size:40px\"><strong><em>Modalit\u00e9s<\/em><\/strong><\/h2>\n\n\n\n<p class=\"has-normal-font-size\"><strong>N&#8217;h\u00e9sitez pas \u00e0 prendre directement attache avec nos services pour plus de renseignements.<\/strong><\/p>\n\n\n\n<hr class=\"wp-block-separator has-css-opacity is-style-wide\"\/>\n\n\n\n<ul class=\"wp-block-list has-normal-font-size\">\n<li>Prestations effectu\u00e9es \u00e0 distance\/\u00e0 l&#8217;atelier\/sur circuit<\/li>\n\n\n\n<li>Tarifs s&#8217;entendant hors frais de repas et \u00e9ventuels frais de d\u00e9placement (facturable au del\u00e0 de 15 km)<\/li>\n\n\n\n<li>devis personnalis\u00e9 gratuit sur demande par mail<\/li>\n<\/ul>\n\n\n\n<div class=\"wp-block-buttons alignfull is-horizontal is-content-justification-center is-layout-flex wp-container-core-buttons-is-layout-499968f5 wp-block-buttons-is-layout-flex\">\n<div class=\"wp-block-button has-custom-width wp-block-button__width-100\"><a class=\"wp-block-button__link has-white-color has-text-color has-background no-border-radius wp-element-button\" style=\"background-color:#000000\">direction@somanagingpartner.fr<\/a><\/div>\n<\/div>\n<\/div>\n<\/div>\n\n\n\n<hr class=\"wp-block-separator has-alpha-channel-opacity\"\/>\n\n\n\n<div class=\"wp-block-media-text is-stacked-on-mobile\" style=\"grid-template-columns:24% auto\"><figure class=\"wp-block-media-text__media\"><img loading=\"lazy\" decoding=\"async\" width=\"500\" height=\"500\" src=\"http:\/\/www.somanagingpartner.fr\/wp-content\/uploads\/2025\/06\/Logo-SMP-bleu-PNG-2.png\" alt=\"\" class=\"wp-image-129 size-full\" srcset=\"https:\/\/www.somanagingpartner.fr\/wp-content\/uploads\/2025\/06\/Logo-SMP-bleu-PNG-2.png 500w, https:\/\/www.somanagingpartner.fr\/wp-content\/uploads\/2025\/06\/Logo-SMP-bleu-PNG-2-300x300.png 300w, https:\/\/www.somanagingpartner.fr\/wp-content\/uploads\/2025\/06\/Logo-SMP-bleu-PNG-2-150x150.png 150w\" sizes=\"auto, (max-width: 500px) 100vw, 500px\" \/><\/figure><div class=\"wp-block-media-text__content\">\n<p class=\"has-text-align-center\"><strong>SO MANAGING PARTNER<\/strong>, votre partenaire de confiance pour toutes vos <em>formalit\u00e9s juridiques<\/em> <em>d&#8217;entreprise<\/em> et <em>d\u00e9marches pluridisciplinaires quotidienne<\/em>s.<\/p>\n<\/div><\/div>\n","protected":false},"excerpt":{"rendered":"<p>TEAM DE COURSE &#8211; ECURIE AUTOMOBILE &#8211; ORGANISATEURS DE STAGES DE PILOTAGE ??? \u00e0 la recherche d&#8217;un Team Manager\/Coordinateur pour superviser votre \u00e9quipe lors des week-ends de course et\/ou g\u00e9rer votre logistique d&#8217;organisation ? SO MANAGING PARTNER vous \u00e9paule en vous facilitant les t\u00e2ches administratives et op\u00e9rations quotidiennes pour une meilleure gestion de votre structure. [&hellip;]<\/p>\n","protected":false},"author":1,"featured_media":0,"parent":0,"menu_order":0,"comment_status":"closed","ping_status":"closed","template":"","meta":{"footnotes":""},"class_list":["post-429","page","type-page","status-publish","hentry"],"_links":{"self":[{"href":"https:\/\/www.somanagingpartner.fr\/index.php\/wp-json\/wp\/v2\/pages\/429","targetHints":{"allow":["GET"]}}],"collection":[{"href":"https:\/\/www.somanagingpartner.fr\/index.php\/wp-json\/wp\/v2\/pages"}],"about":[{"href":"https:\/\/www.somanagingpartner.fr\/index.php\/wp-json\/wp\/v2\/types\/page"}],"author":[{"embeddable":true,"href":"https:\/\/www.somanagingpartner.fr\/index.php\/wp-json\/wp\/v2\/users\/1"}],"replies":[{"embeddable":true,"href":"https:\/\/www.somanagingpartner.fr\/index.php\/wp-json\/wp\/v2\/comments?post=429"}],"version-history":[{"count":16,"href":"https:\/\/www.somanagingpartner.fr\/index.php\/wp-json\/wp\/v2\/pages\/429\/revisions"}],"predecessor-version":[{"id":481,"href":"https:\/\/www.somanagingpartner.fr\/index.php\/wp-json\/wp\/v2\/pages\/429\/revisions\/481"}],"wp:attachment":[{"href":"https:\/\/www.somanagingpartner.fr\/index.php\/wp-json\/wp\/v2\/media?parent=429"}],"curies":[{"name":"wp","href":"https:\/\/api.w.org\/{rel}","templated":true}]}}