{"id":5,"date":"2025-06-03T16:05:55","date_gmt":"2025-06-03T14:05:55","guid":{"rendered":"https:\/\/www.somanagingpartner.fr\/?page_id=5"},"modified":"2025-07-23T16:53:27","modified_gmt":"2025-07-23T14:53:27","slug":"presentation","status":"publish","type":"page","link":"https:\/\/www.somanagingpartner.fr\/index.php\/presentation\/","title":{"rendered":"Pr\u00e9sentation"},"content":{"rendered":"\n<div class=\"wp-block-cover alignfull is-light\" style=\"min-height:425px;aspect-ratio:unset;\"><span aria-hidden=\"true\" class=\"wp-block-cover__background has-background-dim-100 has-background-dim\" style=\"background-color:#ffffff\"><\/span><div class=\"wp-block-cover__inner-container is-layout-flow wp-block-cover-is-layout-flow\">\n<div class=\"wp-block-media-text alignwide is-stacked-on-mobile is-vertically-aligned-center is-image-fill-element\" style=\"grid-template-columns:48% auto\"><figure class=\"wp-block-media-text__media\"><img loading=\"lazy\" decoding=\"async\" width=\"1024\" height=\"724\" src=\"https:\/\/www.somanagingpartner.fr\/wp-content\/uploads\/2025\/06\/goal-4086854_1280-1024x724.jpg\" alt=\"\" class=\"wp-image-104 size-full\" style=\"object-position:50% 50%\" srcset=\"https:\/\/www.somanagingpartner.fr\/wp-content\/uploads\/2025\/06\/goal-4086854_1280-1024x724.jpg 1024w, https:\/\/www.somanagingpartner.fr\/wp-content\/uploads\/2025\/06\/goal-4086854_1280-300x212.jpg 300w, https:\/\/www.somanagingpartner.fr\/wp-content\/uploads\/2025\/06\/goal-4086854_1280-768x543.jpg 768w, https:\/\/www.somanagingpartner.fr\/wp-content\/uploads\/2025\/06\/goal-4086854_1280.jpg 1280w\" sizes=\"auto, (max-width: 1024px) 100vw, 1024px\" \/><\/figure><div class=\"wp-block-media-text__content\">\n<h2 class=\"wp-block-heading has-text-color\" style=\"color:#000000;font-size:32px\">QUI SOMMES NOUS ?<\/h2>\n\n\n\n<p class=\"has-text-color\" style=\"color:#000000;font-size:17px\">Cr\u00e9\u00e9 en 2024 par Sophie CAILLAULT, le Cabinet <strong><em>SO MANAGING PARTNER<\/em><\/strong>, sp\u00e9cialis\u00e9 dans l\u2019assistance administrative et juridique externalis\u00e9e (aupr\u00e8s des particuliers et professionnels) vous assiste dans toutes vos <strong>d\u00e9marches quotidiennes<\/strong> et vous accompagne sur l\u2019ensemble de vos <strong>formalit\u00e9s juridiques<\/strong> de cr\u00e9ation, modification, gestion et cession d\u2019entreprise.<\/p>\n<\/div><\/div>\n\n\n\n<hr class=\"wp-block-separator has-alpha-channel-opacity\"\/>\n\n\n\n<div class=\"wp-block-media-text alignwide has-media-on-the-right is-stacked-on-mobile is-vertically-aligned-center is-image-fill-element\" style=\"grid-template-columns:auto 15%\"><div class=\"wp-block-media-text__content\">\n<h2 class=\"wp-block-heading has-text-color\" style=\"color:#000000;font-size:32px\">POUR QUI ?<\/h2>\n\n\n\n<div class=\"wp-block-buttons is-content-justification-center is-layout-flex wp-container-core-buttons-is-layout-16018d1d wp-block-buttons-is-layout-flex\">\n<div class=\"wp-block-button\"><a class=\"wp-block-button__link wp-element-button\">                                                                                                       PARTICULIERS                                             <\/a><\/div>\n\n\n\n<div class=\"wp-block-button\"><a class=\"wp-block-button__link wp-element-button\">PROFESSIONNELS TOUT SECTEUR : PME &amp; TPE                                                        <\/a><\/div>\n\n\n\n<div class=\"wp-block-button\"><a class=\"wp-block-button__link wp-element-button\">                                                      PROFESSIONNELS DU DROIT ET DU CHIFFRE  <\/a><\/div>\n\n\n\n<div class=\"wp-block-button\"><a class=\"wp-block-button__link wp-element-button\">SCI                                                                                                                                    <\/a><\/div>\n\n\n\n<div class=\"wp-block-button\"><a class=\"wp-block-button__link wp-element-button\">                                                                                                     ASSOCIATIONS   <\/a><\/div>\n\n\n\n<div class=\"wp-block-button\"><a class=\"wp-block-button__link wp-element-button\">MICRO-ENTREPRENEURS \/ FREELANCES<\/a><\/div>\n\n\n\n<div class=\"wp-block-button\"><a class=\"wp-block-button__link wp-element-button\">CREATEURS DE PROJETS <\/a><\/div>\n\n\n\n<div class=\"wp-block-button\"><a class=\"wp-block-button__link wp-element-button\">CEDANTS D&#8217;ENTREPRISES<\/a><\/div>\n<\/div>\n<\/div><figure class=\"wp-block-media-text__media\"><img loading=\"lazy\" decoding=\"async\" width=\"1024\" height=\"1024\" src=\"https:\/\/www.somanagingpartner.fr\/wp-content\/uploads\/2025\/06\/kid-3326960_1280-2-1024x1024.png\" alt=\"\" class=\"wp-image-111 size-full\" style=\"object-position:50% 50%\" srcset=\"https:\/\/www.somanagingpartner.fr\/wp-content\/uploads\/2025\/06\/kid-3326960_1280-2-1024x1024.png 1024w, https:\/\/www.somanagingpartner.fr\/wp-content\/uploads\/2025\/06\/kid-3326960_1280-2-300x300.png 300w, https:\/\/www.somanagingpartner.fr\/wp-content\/uploads\/2025\/06\/kid-3326960_1280-2-150x150.png 150w, https:\/\/www.somanagingpartner.fr\/wp-content\/uploads\/2025\/06\/kid-3326960_1280-2-768x768.png 768w, https:\/\/www.somanagingpartner.fr\/wp-content\/uploads\/2025\/06\/kid-3326960_1280-2.png 1280w\" sizes=\"auto, (max-width: 1024px) 100vw, 1024px\" \/><\/figure><\/div>\n<\/div><\/div>\n\n\n\n<div class=\"wp-block-columns are-vertically-aligned-center is-layout-flex wp-container-core-columns-is-layout-9d6595d7 wp-block-columns-is-layout-flex\">\n<div class=\"wp-block-column is-layout-flow wp-block-column-is-layout-flow\"><\/div>\n\n\n\n<div class=\"wp-block-column is-layout-flow wp-block-column-is-layout-flow\"><\/div>\n\n\n\n<div class=\"wp-block-column is-layout-flow wp-block-column-is-layout-flow\"><\/div>\n\n\n\n<div class=\"wp-block-column is-layout-flow wp-block-column-is-layout-flow\"><\/div>\n\n\n\n<div class=\"wp-block-column is-layout-flow wp-block-column-is-layout-flow\"><\/div>\n\n\n\n<div class=\"wp-block-column is-layout-flow wp-block-column-is-layout-flow\"><\/div>\n<\/div>\n\n\n\n<hr class=\"wp-block-separator has-alpha-channel-opacity\"\/>\n\n\n\n<div class=\"wp-block-media-text has-media-on-the-right is-stacked-on-mobile\" style=\"grid-template-columns:auto 18%\"><div class=\"wp-block-media-text__content\">\n<h2 class=\"wp-block-heading has-text-align-center\">POURQUOI FAIRE APPEL A NOS SERVICES ? <\/h2>\n<\/div><figure class=\"wp-block-media-text__media\"><img loading=\"lazy\" decoding=\"async\" width=\"1024\" height=\"1024\" src=\"https:\/\/www.somanagingpartner.fr\/wp-content\/uploads\/2025\/06\/question-30028_1280-1-1024x1024.png\" alt=\"\" class=\"wp-image-120 size-full\" srcset=\"https:\/\/www.somanagingpartner.fr\/wp-content\/uploads\/2025\/06\/question-30028_1280-1-1024x1024.png 1024w, https:\/\/www.somanagingpartner.fr\/wp-content\/uploads\/2025\/06\/question-30028_1280-1-300x300.png 300w, https:\/\/www.somanagingpartner.fr\/wp-content\/uploads\/2025\/06\/question-30028_1280-1-150x150.png 150w, https:\/\/www.somanagingpartner.fr\/wp-content\/uploads\/2025\/06\/question-30028_1280-1-768x767.png 768w, https:\/\/www.somanagingpartner.fr\/wp-content\/uploads\/2025\/06\/question-30028_1280-1.png 1280w\" sizes=\"auto, (max-width: 1024px) 100vw, 1024px\" \/><\/figure><\/div>\n\n\n\n<div class=\"wp-block-columns is-layout-flex wp-container-core-columns-is-layout-9d6595d7 wp-block-columns-is-layout-flex\">\n<div class=\"wp-block-column is-layout-flow wp-block-column-is-layout-flow\">\n<h2 class=\"wp-block-heading\">Particulier ? <\/h2>\n\n\n\n<ul class=\"wp-block-list\">\n<li>Vous souhaitez vous lib\u00e9rer de vos contraintes administratives telles que la r\u00e9daction de courriers, le classement de vos documents\/factures, les d\u00e9marches sociales et fiscales, le montage de dossiers administratifs divers&nbsp;?<\/li>\n\n\n\n<li>Vous souhaitez \u00eatre assist\u00e9 dans vos relations avec les professionnels du droit et du chiffre (notaire, avocat, commissaire de justice, expert-comptable)<\/li>\n<\/ul>\n<\/div>\n\n\n\n<div class=\"wp-block-column is-layout-flow wp-block-column-is-layout-flow\">\n<h2 class=\"wp-block-heading\">Professionnel ? <\/h2>\n\n\n\n<ul class=\"wp-block-list\">\n<li>Vous souhaitez recentrer vos efforts sur votre c\u0153ur de m\u00e9tier en confiant votre \u00ab gestion administrative&nbsp;\u00bb et vos \u00ab&nbsp;formalit\u00e9s juridiques&nbsp;\u00bb \u00e0 une personne externe&nbsp;?<\/li>\n\n\n\n<li>Vous avez chang\u00e9 de si\u00e8ge social et ne connaissez pas les d\u00e9marches juridiques \u00e0 effectuer&nbsp;?<\/li>\n<\/ul>\n<\/div>\n\n\n\n<div class=\"wp-block-column is-layout-flow wp-block-column-is-layout-flow\">\n<h2 class=\"wp-block-heading\">Cr\u00e9ateur de projets ? <\/h2>\n\n\n\n<ul class=\"wp-block-list\">\n<li>Vous souhaitez cr\u00e9er votre entreprise mais ne savez pas par o\u00f9 commencer ?<\/li>\n\n\n\n<li>Vous avez besoin d&#8217;une tierce personne pour proc\u00e9der aux formalit\u00e9s juridiques de cr\u00e9ation de votre entreprise ? <\/li>\n\n\n\n<li>Vous souhaitez c\u00e9der votre entreprise mais ne savez pas par o\u00f9 commencer ? <\/li>\n<\/ul>\n<\/div>\n<\/div>\n\n\n\n<hr class=\"wp-block-separator has-alpha-channel-opacity\"\/>\n\n\n\n<div class=\"wp-block-media-text is-stacked-on-mobile\" style=\"grid-template-columns:37% auto\"><figure class=\"wp-block-media-text__media\"><img loading=\"lazy\" decoding=\"async\" width=\"318\" height=\"443\" src=\"https:\/\/www.somanagingpartner.fr\/wp-content\/uploads\/2025\/06\/sophie-identite-1.jpg\" alt=\"\" class=\"wp-image-128 size-full\" srcset=\"https:\/\/www.somanagingpartner.fr\/wp-content\/uploads\/2025\/06\/sophie-identite-1.jpg 318w, https:\/\/www.somanagingpartner.fr\/wp-content\/uploads\/2025\/06\/sophie-identite-1-215x300.jpg 215w\" sizes=\"auto, (max-width: 318px) 100vw, 318px\" \/><\/figure><div class=\"wp-block-media-text__content\">\n<h2 class=\"wp-block-heading\">\u00e0 propos de Sophie CAILLAULT, Fondatrice et Pr\u00e9sidente de SMP &#8230;<\/h2>\n\n\n\n<p>Passionn\u00e9e par l\u2019entreprenariat, Sophie met tout en \u0153uvre pour proposer \u00e0 ses clients particuliers et professionnels des <strong>prestations<\/strong> d\u2019assistance et d\u2019accompagnement <strong>personnalis\u00e9es et de qualit\u00e9<\/strong>.<\/p>\n\n\n\n<p>Son adaptabilit\u00e9, son autonomie et son sens de l\u2019organisation sont des qualit\u00e9s appr\u00e9ci\u00e9es notamment lorsqu\u2019il s\u2019agit de r\u00e9organiser le fonctionnement d\u2019une entreprise.<\/p>\n\n\n\n<p>Aujourd\u2019hui, forte de ses 10 ann\u00e9es d&#8217;exp\u00e9riences professionnelles et gr\u00e2ce \u00e0 son <em><strong>expertise juridique<\/strong><\/em> acquise aupr\u00e8s de divers services juridiques d&#8217;entreprises et professionnels du droit (avocat, commissaire de justice, administrateur judiciaire), Sophie souhaite miser sur la qualit\u00e9 plut\u00f4t que sur la quantit\u00e9 dans l\u2019accomplissement de ses missions.<\/p>\n<\/div><\/div>\n\n\n\n<hr class=\"wp-block-separator has-alpha-channel-opacity\"\/>\n\n\n\n<div class=\"wp-block-media-text has-media-on-the-right is-stacked-on-mobile\"><div class=\"wp-block-media-text__content\">\n<h2 class=\"wp-block-heading\">SON PARCOURS PRO<\/h2>\n\n\n\n<p class=\"has-text-align-center\"><strong>DIPLOME : <\/strong><\/p>\n\n\n\n<p>=&gt; <strong>Master 2 <\/strong>Droit de l\u2019Entreprise parcours <strong>DROIT DES AFFAIRES<\/strong> de l\u2019Universit\u00e9 Fran\u00e7ois-Rabelais de TOURS (37)<\/p>\n\n\n\n<p class=\"has-text-align-center\"><strong>EXPERIENCES PROFESSIONNELLES : <\/strong><\/p>\n\n\n\n<p>=&gt; <strong>JURISTE CONSULTANTE<\/strong> au sein d&#8217;un Cabinet d&#8217;Avocats<\/p>\n\n\n\n<p>=&gt; <strong>GESTIONNAIRE JUDICIAIRE<\/strong> au sein d&#8217;une Etude de Commissaires de Justice<\/p>\n\n\n\n<p>=&gt; <strong>JURISTE CONTENTIEUX<\/strong> au sein d&#8217;une Soci\u00e9t\u00e9 sp\u00e9cialis\u00e9e dans le Rachat de Cr\u00e9ances Bancaires<\/p>\n\n\n\n<p>=&gt; <strong>COLLABORATRICE d&#8217;Administrateur Judiciaire<\/strong><\/p>\n\n\n\n<p>=&gt; <strong>JURISTE CONSEIL<\/strong> pour une Banque en ligne<\/p>\n<\/div><figure class=\"wp-block-media-text__media\"><img loading=\"lazy\" decoding=\"async\" width=\"682\" height=\"1024\" src=\"https:\/\/www.somanagingpartner.fr\/wp-content\/uploads\/2025\/07\/cv-4074274_1280-682x1024.png\" alt=\"\" class=\"wp-image-505 size-full\" srcset=\"https:\/\/www.somanagingpartner.fr\/wp-content\/uploads\/2025\/07\/cv-4074274_1280-682x1024.png 682w, https:\/\/www.somanagingpartner.fr\/wp-content\/uploads\/2025\/07\/cv-4074274_1280-200x300.png 200w, https:\/\/www.somanagingpartner.fr\/wp-content\/uploads\/2025\/07\/cv-4074274_1280-768x1152.png 768w, https:\/\/www.somanagingpartner.fr\/wp-content\/uploads\/2025\/07\/cv-4074274_1280.png 853w\" sizes=\"auto, (max-width: 682px) 100vw, 682px\" \/><\/figure><\/div>\n\n\n\n<div data-wp-interactive=\"core\/file\" class=\"wp-block-file aligncenter\"><object data-wp-bind--hidden=\"!state.hasPdfPreview\" hidden class=\"wp-block-file__embed\" data=\"https:\/\/www.somanagingpartner.fr\/wp-content\/uploads\/2025\/07\/CV-2025-2.pdf\" type=\"application\/pdf\" style=\"width:100%;height:200px\" aria-label=\"PDF embed\"><\/object><a href=\"https:\/\/www.somanagingpartner.fr\/wp-content\/uploads\/2025\/07\/CV-2025-2.pdf\" class=\"wp-block-file__button wp-element-button\" download>TELECHARGER SON CV<\/a><\/div>\n\n\n\n<hr class=\"wp-block-separator has-alpha-channel-opacity\"\/>\n\n\n\n<h1 class=\"wp-block-heading has-text-align-center\"><em>NOS PARTENAIRES<\/em><\/h1>\n\n\n\n<div class=\"wp-block-columns is-layout-flex wp-container-core-columns-is-layout-9d6595d7 wp-block-columns-is-layout-flex\">\n<div class=\"wp-block-column is-layout-flow wp-block-column-is-layout-flow\"><div class=\"wp-block-image\">\n<figure class=\"aligncenter size-full is-resized\"><img loading=\"lazy\" decoding=\"async\" width=\"545\" height=\"239\" src=\"http:\/\/www.somanagingpartner.fr\/wp-content\/uploads\/2025\/06\/Logo-SMS.png\" alt=\"\" class=\"wp-image-260\" style=\"width:218px;height:auto\" srcset=\"https:\/\/www.somanagingpartner.fr\/wp-content\/uploads\/2025\/06\/Logo-SMS.png 545w, https:\/\/www.somanagingpartner.fr\/wp-content\/uploads\/2025\/06\/Logo-SMS-300x132.png 300w\" sizes=\"auto, (max-width: 545px) 100vw, 545px\" \/><\/figure>\n<\/div><\/div>\n\n\n\n<div class=\"wp-block-column is-layout-flow wp-block-column-is-layout-flow\"><div class=\"wp-block-image\">\n<figure class=\"aligncenter size-full is-resized\"><img loading=\"lazy\" decoding=\"async\" width=\"1024\" height=\"396\" src=\"http:\/\/www.somanagingpartner.fr\/wp-content\/uploads\/2025\/06\/MSA.png\" alt=\"\" class=\"wp-image-261\" style=\"width:222px;height:auto\" srcset=\"https:\/\/www.somanagingpartner.fr\/wp-content\/uploads\/2025\/06\/MSA.png 1024w, https:\/\/www.somanagingpartner.fr\/wp-content\/uploads\/2025\/06\/MSA-300x116.png 300w, https:\/\/www.somanagingpartner.fr\/wp-content\/uploads\/2025\/06\/MSA-768x297.png 768w\" sizes=\"auto, (max-width: 1024px) 100vw, 1024px\" \/><\/figure>\n<\/div><\/div>\n\n\n\n<div class=\"wp-block-column is-layout-flow wp-block-column-is-layout-flow\"><div class=\"wp-block-image\">\n<figure class=\"aligncenter size-full is-resized\"><img loading=\"lazy\" decoding=\"async\" width=\"659\" height=\"379\" src=\"http:\/\/www.somanagingpartner.fr\/wp-content\/uploads\/2025\/06\/logo2-SO-RACING.png\" alt=\"\" class=\"wp-image-259\" style=\"width:156px;height:auto\" srcset=\"https:\/\/www.somanagingpartner.fr\/wp-content\/uploads\/2025\/06\/logo2-SO-RACING.png 659w, https:\/\/www.somanagingpartner.fr\/wp-content\/uploads\/2025\/06\/logo2-SO-RACING-300x173.png 300w\" sizes=\"auto, (max-width: 659px) 100vw, 659px\" \/><\/figure>\n<\/div><\/div>\n<\/div>\n\n\n\n<hr class=\"wp-block-separator has-alpha-channel-opacity\"\/>\n\n\n\n<div class=\"wp-block-media-text is-stacked-on-mobile\" style=\"grid-template-columns:16% auto\"><figure class=\"wp-block-media-text__media\"><img loading=\"lazy\" decoding=\"async\" width=\"500\" height=\"500\" src=\"https:\/\/www.somanagingpartner.fr\/wp-content\/uploads\/2025\/06\/Logo-SMP-bleu-PNG-3.png\" alt=\"\" class=\"wp-image-130 size-full\" srcset=\"https:\/\/www.somanagingpartner.fr\/wp-content\/uploads\/2025\/06\/Logo-SMP-bleu-PNG-3.png 500w, https:\/\/www.somanagingpartner.fr\/wp-content\/uploads\/2025\/06\/Logo-SMP-bleu-PNG-3-300x300.png 300w, https:\/\/www.somanagingpartner.fr\/wp-content\/uploads\/2025\/06\/Logo-SMP-bleu-PNG-3-150x150.png 150w\" sizes=\"auto, (max-width: 500px) 100vw, 500px\" \/><\/figure><div class=\"wp-block-media-text__content\">\n<p class=\"has-text-align-center\"><strong>SO MANAGING PARTNER<\/strong>, votre partenaire de confiance pour toutes vos <em>formalit\u00e9s juridiques<\/em> <em>d&#8217;entreprise<\/em> et <em>d\u00e9marches pluridisciplinaires quotidienne<\/em>s.<\/p>\n<\/div><\/div>\n\n\n\n<p><\/p>\n","protected":false},"excerpt":{"rendered":"<p>POURQUOI FAIRE APPEL A NOS SERVICES ? Particulier ? Professionnel ? Cr\u00e9ateur de projets ? \u00e0 propos de Sophie CAILLAULT, Fondatrice et Pr\u00e9sidente de SMP &#8230; Passionn\u00e9e par l\u2019entreprenariat, Sophie met tout en \u0153uvre pour proposer \u00e0 ses clients particuliers et professionnels des prestations d\u2019assistance et d\u2019accompagnement personnalis\u00e9es et de qualit\u00e9. Son adaptabilit\u00e9, son autonomie [&hellip;]<\/p>\n","protected":false},"author":1,"featured_media":0,"parent":0,"menu_order":0,"comment_status":"closed","ping_status":"closed","template":"","meta":{"footnotes":""},"class_list":["post-5","page","type-page","status-publish","hentry"],"_links":{"self":[{"href":"https:\/\/www.somanagingpartner.fr\/index.php\/wp-json\/wp\/v2\/pages\/5","targetHints":{"allow":["GET"]}}],"collection":[{"href":"https:\/\/www.somanagingpartner.fr\/index.php\/wp-json\/wp\/v2\/pages"}],"about":[{"href":"https:\/\/www.somanagingpartner.fr\/index.php\/wp-json\/wp\/v2\/types\/page"}],"author":[{"embeddable":true,"href":"https:\/\/www.somanagingpartner.fr\/index.php\/wp-json\/wp\/v2\/users\/1"}],"replies":[{"embeddable":true,"href":"https:\/\/www.somanagingpartner.fr\/index.php\/wp-json\/wp\/v2\/comments?post=5"}],"version-history":[{"count":54,"href":"https:\/\/www.somanagingpartner.fr\/index.php\/wp-json\/wp\/v2\/pages\/5\/revisions"}],"predecessor-version":[{"id":523,"href":"https:\/\/www.somanagingpartner.fr\/index.php\/wp-json\/wp\/v2\/pages\/5\/revisions\/523"}],"wp:attachment":[{"href":"https:\/\/www.somanagingpartner.fr\/index.php\/wp-json\/wp\/v2\/media?parent=5"}],"curies":[{"name":"wp","href":"https:\/\/api.w.org\/{rel}","templated":true}]}}