{"id":7,"date":"2025-06-03T16:06:56","date_gmt":"2025-06-03T14:06:56","guid":{"rendered":"https:\/\/www.somanagingpartner.fr\/?page_id=7"},"modified":"2025-06-22T20:45:48","modified_gmt":"2025-06-22T18:45:48","slug":"services-pour-particuliers","status":"publish","type":"page","link":"https:\/\/www.somanagingpartner.fr\/index.php\/services-pour-particuliers\/","title":{"rendered":"Services pour PARTICULIERS"},"content":{"rendered":"\n<div class=\"wp-block-group\"><div class=\"wp-block-group__inner-container is-layout-constrained wp-block-group-is-layout-constrained\">\n<div class=\"wp-block-media-text is-stacked-on-mobile\"><figure class=\"wp-block-media-text__media\"><img loading=\"lazy\" decoding=\"async\" width=\"1024\" height=\"1024\" src=\"https:\/\/www.somanagingpartner.fr\/wp-content\/uploads\/2025\/06\/documents-6183373_1280-1-1024x1024.png\" alt=\"\" class=\"wp-image-165 size-full\" srcset=\"https:\/\/www.somanagingpartner.fr\/wp-content\/uploads\/2025\/06\/documents-6183373_1280-1-1024x1024.png 1024w, https:\/\/www.somanagingpartner.fr\/wp-content\/uploads\/2025\/06\/documents-6183373_1280-1-300x300.png 300w, https:\/\/www.somanagingpartner.fr\/wp-content\/uploads\/2025\/06\/documents-6183373_1280-1-150x150.png 150w, https:\/\/www.somanagingpartner.fr\/wp-content\/uploads\/2025\/06\/documents-6183373_1280-1-768x768.png 768w, https:\/\/www.somanagingpartner.fr\/wp-content\/uploads\/2025\/06\/documents-6183373_1280-1.png 1280w\" sizes=\"auto, (max-width: 1024px) 100vw, 1024px\" \/><\/figure><div class=\"wp-block-media-text__content\">\n<h1 class=\"wp-block-heading\"><strong>L&#8217;ASSISTANCE ADMINISTRATIVE POUR PARTICULIERS<\/strong><\/h1>\n\n\n\n<p><em><strong>comprend divers services destin\u00e9s \u00e0 faciliter la gestion des t\u00e2ches administratives quotidiennes. Vous trouverez ci-dessous, une liste non exhaustive de services que SMP peut r\u00e9aliser pour vous&#8230;<\/strong><\/em><\/p>\n<\/div><\/div>\n<\/div><\/div>\n\n\n\n<hr class=\"wp-block-separator has-alpha-channel-opacity\"\/>\n\n\n\n<hr class=\"wp-block-separator has-alpha-channel-opacity\"\/>\n\n\n\n<div class=\"wp-block-columns is-layout-flex wp-container-core-columns-is-layout-9d6595d7 wp-block-columns-is-layout-flex\">\n<div class=\"wp-block-column is-vertically-aligned-center is-layout-flow wp-block-column-is-layout-flow\">\n<h2 class=\"wp-block-heading has-text-align-center\">D\u00e9marches administratives diverses<\/h2>\n\n\n\n<hr class=\"wp-block-separator aligncenter has-alpha-channel-opacity\"\/>\n\n\n\n<details class=\"wp-block-details is-layout-flow wp-block-details-is-layout-flow\"><summary>NUMERIQUE<\/summary>\n<ul class=\"wp-block-list\">\n<li>cr\u00e9ation adresse mail<\/li>\n\n\n\n<li>cr\u00e9ation identit\u00e9 num\u00e9rique<\/li>\n\n\n\n<li>cr\u00e9ation\/inscription espace client<\/li>\n\n\n\n<li>accessibilit\u00e9 internet<\/li>\n<\/ul>\n<\/details>\n\n\n\n<details class=\"wp-block-details is-layout-flow wp-block-details-is-layout-flow\"><summary>DOCUMENTS OFFICIELS<\/summary>\n<ul class=\"wp-block-list\">\n<li>carte d&#8217;identit\u00e9<\/li>\n\n\n\n<li>passeport<\/li>\n\n\n\n<li>carte grise<\/li>\n\n\n\n<li>inscription sur les listes \u00e9lectorales<\/li>\n\n\n\n<li>demande d&#8217;acte de naissance\/mariage\/d\u00e9c\u00e8s<\/li>\n\n\n\n<li>pr\u00e9-demande de PACS<\/li>\n<\/ul>\n<\/details>\n\n\n\n<details class=\"wp-block-details is-layout-flow wp-block-details-is-layout-flow\"><summary>DECLARATIONS DE REVENUS<\/summary>\n<ul class=\"wp-block-list\">\n<li>imp\u00f4ts sur le revenu<\/li>\n\n\n\n<li>taxes locales<\/li>\n<\/ul>\n<\/details>\n\n\n\n<details class=\"wp-block-details is-layout-flow wp-block-details-is-layout-flow\"><summary>PERMIS DE CONSTRUIRE \/ DECLARATION DE TRAVAUX<\/summary>\n<ul class=\"wp-block-list\">\n<li>accompagnement total<\/li>\n\n\n\n<li>simple assistance<\/li>\n<\/ul>\n<\/details>\n\n\n\n<details class=\"wp-block-details is-layout-flow wp-block-details-is-layout-flow\"><summary>GROSSESSE<\/summary>\n<ul class=\"wp-block-list\">\n<li>bilan sur votre situation personnelle<\/li>\n\n\n\n<li>information sur vos droits et devoirs<\/li>\n\n\n\n<li>aides<\/li>\n<\/ul>\n<\/details>\n\n\n\n<details class=\"wp-block-details is-layout-flow wp-block-details-is-layout-flow\"><summary>PRESTATIONS SOCIALES<\/summary>\n<ul class=\"wp-block-list\">\n<li>bilan sur votre situation personnelle<\/li>\n\n\n\n<li>information sur vos droits et devoirs<\/li>\n\n\n\n<li>aides<\/li>\n<\/ul>\n<\/details>\n\n\n\n<details class=\"wp-block-details is-layout-flow wp-block-details-is-layout-flow\"><summary>RECONVERSION PROFESSIONNELLE<\/summary>\n<ul class=\"wp-block-list\">\n<li>bilan sur votre situation salariale actuelle<\/li>\n\n\n\n<li>information sur vos droits et devoirs<\/li>\n\n\n\n<li>informations sur les aides pour la formation\/cr\u00e9ation<\/li>\n<\/ul>\n<\/details>\n\n\n\n<details class=\"wp-block-details is-layout-flow wp-block-details-is-layout-flow\"><summary>Montage et suivi de dossiers administratifs<\/summary>\n<ul class=\"wp-block-list\">\n<li>accompagnement total<\/li>\n\n\n\n<li>simple assistance<\/li>\n<\/ul>\n<\/details>\n\n\n\n<details class=\"wp-block-details is-layout-flow wp-block-details-is-layout-flow\"><summary>ASSISTANCE JURIDIQUE<\/summary>\n<ul class=\"wp-block-list\">\n<li>accompagnement et\/ou assistance lors de vos rendez-vous avec des avocats\/notaires\/commissaires de justice (ex huissiers de justice)<\/li>\n\n\n\n<li>accompagnement et\/ou assistance lors de vos rendez-vous avec votre expert-comptable<\/li>\n<\/ul>\n<\/details>\n<\/div>\n\n\n\n<div class=\"wp-block-column is-vertically-aligned-center is-layout-flow wp-block-column-is-layout-flow\">\n<h2 class=\"wp-block-heading has-text-align-center\">Travaux bureautiques<\/h2>\n\n\n\n<hr class=\"wp-block-separator has-alpha-channel-opacity\"\/>\n\n\n\n<div class=\"wp-block-group is-vertical is-layout-flex wp-container-core-group-is-layout-8cf370e7 wp-block-group-is-layout-flex\">\n<details class=\"wp-block-details is-layout-flow wp-block-details-is-layout-flow\"><summary>R\u00e9daction et mise en forme<\/summary>\n<ul class=\"wp-block-list\">\n<li>courriers divers : contestations \/ \u00e9changes avec la mairie &amp; les administrations<\/li>\n\n\n\n<li>corrections orthographiques<\/li>\n<\/ul>\n<\/details>\n<\/div>\n\n\n\n<div class=\"wp-block-group is-vertical is-layout-flex wp-container-core-group-is-layout-8cf370e7 wp-block-group-is-layout-flex\">\n<details class=\"wp-block-details is-layout-flow wp-block-details-is-layout-flow\"><summary>CV<\/summary>\n<ul class=\"wp-block-list\">\n<li>mise en page<\/li>\n<\/ul>\n<\/details>\n\n\n\n<details class=\"wp-block-details is-layout-flow wp-block-details-is-layout-flow\"><summary>Lettre de motivation<\/summary>\n<ul class=\"wp-block-list\">\n<li>mise en page<\/li>\n<\/ul>\n<\/details>\n<\/div>\n<\/div>\n\n\n\n<div class=\"wp-block-column is-vertically-aligned-center is-layout-flow wp-block-column-is-layout-flow\">\n<h2 class=\"wp-block-heading has-text-align-center\">Gestion du courrier \/ du budget<\/h2>\n\n\n\n<hr class=\"wp-block-separator has-alpha-channel-opacity\"\/>\n\n\n\n<details class=\"wp-block-details is-layout-flow wp-block-details-is-layout-flow\"><summary>Gestion du budget<\/summary>\n<ul class=\"wp-block-list\">\n<li>analyse des d\u00e9penses<\/li>\n\n\n\n<li>cr\u00e9ation d&#8217;un budget mensuel<\/li>\n\n\n\n<li>suivi r\u00e9gulier des d\u00e9penses<\/li>\n\n\n\n<li>gestion des priorit\u00e9s financi\u00e8res<\/li>\n\n\n\n<li>pr\u00e9paration des obligations fiscales<\/li>\n<\/ul>\n<\/details>\n\n\n\n<details class=\"wp-block-details is-layout-flow wp-block-details-is-layout-flow\"><summary>Gestion du courrier<\/summary>\n<ul class=\"wp-block-list\">\n<li>tri + classement (archivage)<\/li>\n\n\n\n<li>mise sous plis et affranchissements<\/li>\n\n\n\n<li>relecture\/analyse synth\u00e9tique  de documents<\/li>\n\n\n\n<li>num\u00e9risation<\/li>\n\n\n\n<li>photocopies<\/li>\n<\/ul>\n<\/details>\n\n\n\n<details class=\"wp-block-details is-layout-flow wp-block-details-is-layout-flow\"><summary>Gestion locative saisonni\u00e8re<\/summary>\n<ul class=\"wp-block-list\">\n<li>gestion de la plateforme airbnb<\/li>\n\n\n\n<li>gestion de la plateforme booking<\/li>\n<\/ul>\n<\/details>\n<\/div>\n<\/div>\n\n\n\n<hr class=\"wp-block-separator has-alpha-channel-opacity\"\/>\n\n\n\n<div class=\"wp-block-media-text is-stacked-on-mobile\"><figure class=\"wp-block-media-text__media\"><img decoding=\"async\" src=\"http:\/\/www.somanagingpartner.fr\/wp-content\/uploads\/2025\/06\/65Z_2201.w012.n001.25B.p12.25-1.jpg\" alt=\"\" class=\"wp-image-154 size-full\"\/><\/figure><div class=\"wp-block-media-text__content\">\n<h2 class=\"wp-block-heading\"><strong>NOS TARIFS<\/strong> &#8220;<em>Services pour PARTICULIERS&#8221;<\/em><\/h2>\n<\/div><\/div>\n\n\n\n<div class=\"wp-block-columns alignwide is-layout-flex wp-container-core-columns-is-layout-829b1d53 wp-block-columns-is-layout-flex\" style=\"margin-bottom:0\">\n<div class=\"wp-block-column has-text-color has-background has-link-color wp-elements-4afd3b543be65b95577aa4a4ddcbb616 is-layout-flow wp-block-column-is-layout-flow\" style=\"color:#000000;background-color:#ffe97d;padding-top:2em;padding-right:2em;padding-bottom:2em;padding-left:2em\">\n<h2 class=\"wp-block-heading\" id=\"single\" style=\"font-size:40px\">Tarif \u00e0 la T\u00c2CHE<\/h2>\n\n\n\n<p class=\"has-normal-font-size\" style=\"line-height:1.5\"><strong>Liste non exhaustive de services<\/strong><\/p>\n\n\n\n<hr class=\"wp-block-separator has-text-color has-css-opacity has-background is-style-wide\" style=\"background-color:#000000;color:#000000\"\/>\n\n\n\n<ul class=\"wp-block-list has-normal-font-size\">\n<li>Assistance Obtention <strong>CARTE GRISE<\/strong> (hors taxes et redevances)<\/li>\n\n\n\n<li><strong>Pi\u00e8ce d&#8217;identit\u00e9<\/strong> (CI, Passeport : renouvellement et premi\u00e8re demande)<\/li>\n\n\n\n<li>Cr\u00e9ation <strong>identit\u00e9 num\u00e9rique<\/strong><\/li>\n<\/ul>\n\n\n\n<div class=\"wp-block-buttons alignfull is-horizontal is-content-justification-center is-layout-flex wp-container-core-buttons-is-layout-499968f5 wp-block-buttons-is-layout-flex\">\n<div class=\"wp-block-button has-custom-width wp-block-button__width-100\"><a class=\"wp-block-button__link has-white-color has-text-color has-background no-border-radius wp-element-button\" style=\"background-color:#000000\">30\u20ac TTC<\/a><\/div>\n<\/div>\n<\/div>\n\n\n\n<div class=\"wp-block-column has-text-color has-background has-link-color wp-elements-804f954576c0f0662a683e48af735a08 is-layout-flow wp-block-column-is-layout-flow\" style=\"color:#000000;background-color:#d1d1e1;padding-top:2em;padding-right:2em;padding-bottom:2em;padding-left:2em\">\n<h2 class=\"wp-block-heading\" id=\"family\" style=\"font-size:40px\">Tarif HORAIRE<\/h2>\n\n\n\n<p class=\"has-normal-font-size\" style=\"line-height:1.5\"><strong>Devis gratuit sur demande<\/strong><\/p>\n\n\n\n<hr class=\"wp-block-separator has-css-opacity is-style-wide\"\/>\n\n\n\n<ul class=\"wp-block-list has-normal-font-size\">\n<li><strong>GROSSESSE<\/strong> : accompagnement et information sur vos d\u00e9marches (droits et devoirs) en fonction de votre situation = 1 heure<\/li>\n\n\n\n<li><strong>Assistance administrative \u00e0 domicile\/\u00e0 distance<\/strong><\/li>\n\n\n\n<li><strong>Autres prestations d&#8217;information ou d&#8217;assistance personnalis\u00e9es<\/strong><\/li>\n<\/ul>\n\n\n\n<div class=\"wp-block-buttons alignfull is-horizontal is-content-justification-center is-layout-flex wp-container-core-buttons-is-layout-499968f5 wp-block-buttons-is-layout-flex\">\n<div class=\"wp-block-button has-custom-width wp-block-button__width-100 is-style-fill\"><a class=\"wp-block-button__link has-white-color has-text-color has-background no-border-radius wp-element-button\" style=\"background-color:#000000\">66\u20ac TTC \/ Heure<\/a><\/div>\n<\/div>\n<\/div>\n\n\n\n<div class=\"wp-block-column has-text-color has-background has-link-color wp-elements-61dbe403c3aede094976bb3e930d4d9f is-layout-flow wp-block-column-is-layout-flow\" style=\"color:#000000;background-color:#c0ebf1;padding-top:2em;padding-right:2em;padding-bottom:2em;padding-left:2em\">\n<h2 class=\"wp-block-heading\" id=\"patron\" style=\"font-size:40px\"><strong><em>Modalit\u00e9s<\/em><\/strong><\/h2>\n\n\n\n<p class=\"has-normal-font-size\"><strong>N&#8217;h\u00e9sitez pas \u00e0 prendre directement attache avec nos services pour plus de renseignements.<\/strong><\/p>\n\n\n\n<hr class=\"wp-block-separator has-css-opacity is-style-wide\"\/>\n\n\n\n<ul class=\"wp-block-list has-normal-font-size\">\n<li>Prestations effectu\u00e9es \u00e0 distance ou \u00e0 domicile<\/li>\n\n\n\n<li>Tarifs s&#8217;entendant hors taxes, redevances et \u00e9ventuels frais de d\u00e9placement (facturable au del\u00e0 de 15 km)<\/li>\n\n\n\n<li>devis personnalis\u00e9 gratuit sur demande par mail<\/li>\n<\/ul>\n\n\n\n<div class=\"wp-block-buttons alignfull is-horizontal is-content-justification-center is-layout-flex wp-container-core-buttons-is-layout-499968f5 wp-block-buttons-is-layout-flex\">\n<div class=\"wp-block-button has-custom-width wp-block-button__width-100\"><a class=\"wp-block-button__link has-white-color has-text-color has-background no-border-radius wp-element-button\" style=\"background-color:#000000\">direction@somanagingpartner.fr<\/a><\/div>\n<\/div>\n<\/div>\n<\/div>\n\n\n\n<hr class=\"wp-block-separator has-alpha-channel-opacity\"\/>\n\n\n\n<div class=\"wp-block-media-text is-stacked-on-mobile\" style=\"grid-template-columns:24% auto\"><figure class=\"wp-block-media-text__media\"><img loading=\"lazy\" decoding=\"async\" width=\"500\" height=\"500\" src=\"http:\/\/www.somanagingpartner.fr\/wp-content\/uploads\/2025\/06\/Logo-SMP-bleu-PNG-2.png\" alt=\"\" class=\"wp-image-129 size-full\" srcset=\"https:\/\/www.somanagingpartner.fr\/wp-content\/uploads\/2025\/06\/Logo-SMP-bleu-PNG-2.png 500w, https:\/\/www.somanagingpartner.fr\/wp-content\/uploads\/2025\/06\/Logo-SMP-bleu-PNG-2-300x300.png 300w, https:\/\/www.somanagingpartner.fr\/wp-content\/uploads\/2025\/06\/Logo-SMP-bleu-PNG-2-150x150.png 150w\" sizes=\"auto, (max-width: 500px) 100vw, 500px\" \/><\/figure><div class=\"wp-block-media-text__content\">\n<p class=\"has-text-align-center\"><strong>SO MANAGING PARTNER<\/strong>, votre partenaire de confiance dans toutes vos&nbsp;<em>formalit\u00e9s juridiques<\/em>&nbsp;et vos&nbsp;<em>d\u00e9marches pluridisciplinaires quotidienne<\/em>s.<\/p>\n<\/div><\/div>\n","protected":false},"excerpt":{"rendered":"<p>L&#8217;ASSISTANCE ADMINISTRATIVE POUR PARTICULIERS comprend divers services destin\u00e9s \u00e0 faciliter la gestion des t\u00e2ches administratives quotidiennes. Vous trouverez ci-dessous, une liste non exhaustive de services que SMP peut r\u00e9aliser pour vous&#8230; D\u00e9marches administratives diverses Travaux bureautiques Gestion du courrier \/ du budget NOS TARIFS &#8220;Services pour PARTICULIERS&#8221; Tarif \u00e0 la T\u00c2CHE Liste non exhaustive de [&hellip;]<\/p>\n","protected":false},"author":1,"featured_media":0,"parent":0,"menu_order":0,"comment_status":"closed","ping_status":"closed","template":"","meta":{"footnotes":""},"class_list":["post-7","page","type-page","status-publish","hentry"],"_links":{"self":[{"href":"https:\/\/www.somanagingpartner.fr\/index.php\/wp-json\/wp\/v2\/pages\/7","targetHints":{"allow":["GET"]}}],"collection":[{"href":"https:\/\/www.somanagingpartner.fr\/index.php\/wp-json\/wp\/v2\/pages"}],"about":[{"href":"https:\/\/www.somanagingpartner.fr\/index.php\/wp-json\/wp\/v2\/types\/page"}],"author":[{"embeddable":true,"href":"https:\/\/www.somanagingpartner.fr\/index.php\/wp-json\/wp\/v2\/users\/1"}],"replies":[{"embeddable":true,"href":"https:\/\/www.somanagingpartner.fr\/index.php\/wp-json\/wp\/v2\/comments?post=7"}],"version-history":[{"count":50,"href":"https:\/\/www.somanagingpartner.fr\/index.php\/wp-json\/wp\/v2\/pages\/7\/revisions"}],"predecessor-version":[{"id":477,"href":"https:\/\/www.somanagingpartner.fr\/index.php\/wp-json\/wp\/v2\/pages\/7\/revisions\/477"}],"wp:attachment":[{"href":"https:\/\/www.somanagingpartner.fr\/index.php\/wp-json\/wp\/v2\/media?parent=7"}],"curies":[{"name":"wp","href":"https:\/\/api.w.org\/{rel}","templated":true}]}}